{"id":6731,"date":"2026-03-09T11:19:22","date_gmt":"2026-03-09T15:19:22","guid":{"rendered":"https:\/\/langues-en-continu.uqam.ca\/?page_id=6731"},"modified":"2026-03-12T16:25:26","modified_gmt":"2026-03-12T20:25:26","slug":"accomodation","status":"publish","type":"page","link":"https:\/\/langues-en-continu.uqam.ca\/en\/accomodation\/","title":{"rendered":"Accomodation"},"content":{"rendered":"\n<p>Non\u2011Credit Language Courses recommends that you book and pay for your accommodation with one of the following partners when purchasing one of the following <strong>language stays:<\/strong><\/p>\n\n\n\n<ul class=\"wp-block-list\">\n<li><strong>Unsubsidized Explore<\/strong>\n<ul class=\"wp-block-list\">\n<li>The Marq Residence (exclusively)<\/li>\n<\/ul>\n<\/li>\n<\/ul>\n\n\n\n<ul class=\"wp-block-list\">\n<li><strong>Discover Montreal in a New Light<\/strong>\n<ul class=\"wp-block-list\">\n<li>Private Room | Homestay Accommodation | MS Homestays<\/li>\n\n\n\n<li>Private Room | Air\u2011conditioned apartment 3 to 5 bedrooms | The Marq Residence<\/li>\n<\/ul>\n<\/li>\n<\/ul>\n\n\n\n<hr class=\"wp-block-separator has-alpha-channel-opacity\"\/>\n\n\n\n<div class=\"wp-block-buttons is-layout-flex wp-block-buttons-is-layout-flex\">\n<div class=\"wp-block-button\"><a class=\"wp-block-button__link wp-element-button\" href=\"https:\/\/mytruenorth.ca\/appindex.php?db=mshomestays\"><strong>I\u2019m booking with MS Homestays \u2013 Private Room<\/strong><\/a><\/div>\n<\/div>\n\n\n\n<ul class=\"wp-block-list\">\n<li>Homestay Accommodation \u2013 2 meals | starting at $1,551<\/li>\n\n\n\n<li>Homestay Accommodation \u2013 3 meals | starting at $1,637<\/li>\n\n\n\n<li><a href=\"https:\/\/langues-en-continu.uqam.ca\/wp-content\/uploads\/2026\/03\/MS-INFO-EN-UQAM-5.pdf\"><strong>Life in a Homestay accomodation <\/strong><\/a><\/li>\n<\/ul>\n\n\n\n<p class=\"has-text-align-center\">The package includes round-trip airport transfer (airport \u2192 homestay \u2192 airport) <\/p>\n\n\n\n<p><strong>Please note<\/strong><br>The form to reserve homestay accommodation is available in English only. The MS Homestays team can assist you if needed.<\/p>\n\n\n\n<blockquote class=\"wp-block-quote is-layout-flow wp-block-quote-is-layout-flow\">\n<p><em>&#8220;Staying with a host family allows students to experience cultural and linguistic immersion within a Montr\u00e9al household, while enjoying a warm environment and local support throughout their stay.\u201d<\/em> \u2013 <strong><em>Karla, MS Homestays<\/em><\/strong><\/p>\n\n\n\n<hr class=\"wp-block-separator has-alpha-channel-opacity\"\/>\n<\/blockquote>\n\n\n\n<div class=\"wp-block-buttons is-layout-flex wp-block-buttons-is-layout-flex\">\n<div class=\"wp-block-button\"><a class=\"wp-block-button__link wp-element-button\" href=\"https:\/\/discover.lamarq.ca\/uqam-en\/\"><strong>I&#8217;m booking with The Marq Residence &#8211; Private Room<\/strong><\/a><\/div>\n<\/div>\n\n\n\n<ul class=\"wp-block-list\">\n<li>Air\u2011conditioned apartment | 3 to 5 bedrooms | starting at $1,260 CAD *<\/li>\n\n\n\n<li>Kitchen, living room, and bathroom in each apartment<\/li>\n\n\n\n<li><a href=\"https:\/\/langues-en-continu.uqam.ca\/wp-content\/uploads\/2026\/03\/LaMARQ-Lookbook-compressed-high.pdf\"><strong>Life in Residence<\/strong> <\/a><\/li>\n\n\n\n<li><strong><a href=\"https:\/\/www.admtl.com\/stationnement-et-transport\/services-de-transport\">Convenient transportation<\/a> <\/strong>from the airport to the residence<\/li>\n<\/ul>\n\n\n\n<p class=\"has-text-align-center\">The package includes access to the gym, movie room, and game room.<br><strong>(<a href=\"https:\/\/www.google.com\/maps\/dir\/UQAM+Pavillon+V,+209+Rue+Sainte-Catherine+E,+Montr%C3%A9al,+QC+H2X+1L1\/La+MARQ,+1430+Rue+City+Councillors,+Montr%C3%A9al,+QC+H3B+1B4\/@45.5083718,-73.5706732,16z\/data=!4m14!4m13!1m5!1m1!1s0x4cc91a4da21d5f25:0xf6afe2f4b2f86bfc!2m2!1d-73.5623908!2d45.5120062!1m5!1m1!1s0x4cc91a4595c23f29:0xfe2c084ce6749c2f!2m2!1d-73.5688633!2d45.5049195!3e2?entry=ttu&amp;g_ep=EgoyMDI2MDMwNS4wIKXMDSoASAFQAw%3D%3D\" type=\"link\" id=\"https:\/\/www.google.com\/maps\/dir\/UQAM+Pavillon+V,+209+Rue+Sainte-Catherine+E,+Montr%C3%A9al,+QC+H2X+1L1\/La+MARQ,+1430+Rue+City+Councillors,+Montr%C3%A9al,+QC+H3B+1B4\/@45.5083718,-73.5706732,16z\/data=!4m14!4m13!1m5!1m1!1s0x4cc91a4da21d5f25:0xf6afe2f4b2f86bfc!2m2!1d-73.5623908!2d45.5120062!1m5!1m1!1s0x4cc91a4595c23f29:0xfe2c084ce6749c2f!2m2!1d-73.5688633!2d45.5049195!3e2?entry=ttu&amp;g_ep=EgoyMDI2MDMwNS4wIKXMDSoASAFQAw%3D%3D\">within walking distance of UQAM<\/a>)<br><\/strong><\/p>\n\n\n\n<blockquote class=\"wp-block-quote is-layout-flow wp-block-quote-is-layout-flow\">\n<p>*Note that The Marq residences require liability insurance to stay in their apartments. <strong>Tenant or home insurance from other countries sometimes includes \u201cinternational\u201d liability coverage, but this is not guaranteed.<\/strong> We recommend verifying your liability insurance and contacting The Marq for further details.<\/p>\n\n\n\n<p>\u201c<em>Residents at The Marq can be confident that our team is here to ensure you have the support you need to succeed both inside and outside the classroom<\/em><strong>.<\/strong>\u201d \u2013 <strong>Luigi, Director of Operations, The Marq<\/strong><\/p>\n<\/blockquote>\n\n\n\n<hr class=\"wp-block-separator has-alpha-channel-opacity\"\/>\n\n\n\n<h2 class=\"wp-block-heading\"><strong>IMPORTANT<\/strong><\/h2>\n\n\n\n<p>We recommend that you book your accommodation at least one day before the start of the program and plan your departure for the day after the final session.<\/p>\n\n\n\n<p>The partners\u2019 booking and cancellation policies apply. For more details, please contact them directly.<\/p>\n\n\n\n<hr class=\"wp-block-separator has-alpha-channel-opacity\"\/>\n\n\n\n<h2 class=\"wp-block-heading\"><strong>Elsewhere in Montr\u00e9al<\/strong> <\/h2>\n\n\n\n<p>Other student residences are also available outside of UQAM, such as: <\/p>\n\n\n\n<figure class=\"wp-block-table\"><table class=\"has-fixed-layout\"><tbody><tr><td><strong>R\u00e9sidences \u00e9tudiantes<\/strong><\/td><td><strong>H\u00e9bergement courte dur\u00e9e<\/strong> Moteurs de recherche<\/td><td><strong>Auberges\/H\u00f4tels appartements<\/strong><\/td><\/tr><tr><td><a href=\"https:\/\/can01.safelinks.protection.outlook.com\/?url=https%3A%2F%2Fwww.lewithin.com%2Ffr%2F&amp;data=05%7C02%7Ccaron.eliane%40uqam.ca%7Cbacacaa0bdba42a6c17508dc6a12a69d%7C12cb4e1a42da491c90e17a7a9753506f%7C0%7C0%7C638501875535431814%7CUnknown%7CTWFpbGZsb3d8eyJWIjoiMC4wLjAwMDAiLCJQIjoiV2luMzIiLCJBTiI6Ik1haWwiLCJXVCI6Mn0%3D%7C0%7C%7C%7C&amp;sdata=5vtqZVMCYME1Sz2paE%2FZFVuQw6VvdjairHikzPGVstI%3D&amp;reserved=0\">Le Within<\/a><strong><u><\/u><\/strong><\/td><td><a href=\"https:\/\/www.holidu.fr\/\">Holidu<\/a> <strong><u><\/u><\/strong><\/td><td><a href=\"https:\/\/www.appartementhotel.com\/\">L\u2019Appartement H\u00f4tel Montr\u00e9al<\/a><strong><u><\/u><\/strong><\/td><\/tr><tr><td><a href=\"https:\/\/www.campus1mtl.ca\/montreal-student-housing\/fr?gclid=EAIaIQobChMI2-O54amb4wIVIYdbCh020wRIEAAYAiAAEgLFTfD_BwE\">Campus1 MTL<\/a><strong><u><\/u><\/strong><\/td><td><a href=\"https:\/\/www.likibu.com\/fr\/search\/3bx0zf25u0s0f6hp03102g?where=Montr%C3%A9al&amp;guests=2&amp;culture=fr&amp;currency=EUR&amp;per_page=22&amp;bounds%5Bnorth%5D=45.725526809692&amp;bounds%5Beast%5D=-73.453388214111&amp;bounds%5Bsouth%5D=45.390272140503&amp;bounds%5Bwest%5D=-74.003391265869\">Likibu<\/a> <strong><u><\/u><\/strong><\/td><td><a href=\"https:\/\/www.squarephillips.com\/fr\/chambres-et-suites\/1-studios.html\">Le Square Phillips<\/a> <strong><u><\/u><\/strong><\/td><\/tr><tr><td><a href=\"https:\/\/www.evomontreal.com\/fr\/\">Evo Montr\u00e9al<\/a><strong><u><\/u><\/strong><\/td><td><a href=\"http:\/\/www.wimdu.fr\/montreal\">Wimdu<\/a> <strong><u><\/u><\/strong><\/td><td><a href=\"https:\/\/saintlo.ca\/auberges\/montreal\/\">Saintlo Montr\u00e9al<\/a>&nbsp;<strong><u><\/u><\/strong><\/td><\/tr><tr><td><a href=\"https:\/\/edisonresidence.com\/fr\/\">R\u00e9sidence Edison<\/a><strong><u><\/u><\/strong><\/td><td><\/td><td><a href=\"https:\/\/althostel.com\/en_US\/\">Alternative Hostel<\/a><strong><u><\/u><\/strong><\/td><\/tr><tr><td><\/td><td><\/td><td><a href=\"https:\/\/www.m-montreal.com\/\">M Montreal<\/a> <strong><u><\/u><\/strong><\/td><\/tr><tr><td>&nbsp;<\/td><td><\/td><td><a href=\"https:\/\/www.parcavenuelofts.com\/\">Parc Avenue Lofts<\/a><\/td><\/tr><\/tbody><\/table><\/figure>\n\n\n\n<p><strong>Attention!<\/strong><\/p>\n\n\n\n<p>UQAM has no special agreement with these above accommodation providers and cannot guarantee the accuracy of the information displayed on the websites. We encourage you to exercise caution.<\/p>\n\n\n\n<p>When searching, to avoid fraud or misunderstandings, pay attention to certain details: for example, make sure the address is listed and that the landlord can be reached by phone.<\/p>\n","protected":false},"excerpt":{"rendered":"<p>Non\u2011Credit Language Courses recommends that you book and pay for your accommodation with one of the following partners when purchasing one of the following language stays: The package includes round-trip airport transfer (airport \u2192 homestay \u2192 airport) Please noteThe form to reserve homestay accommodation is available in English only. The MS Homestays team can assist [&hellip;]<\/p>\n","protected":false},"author":4,"featured_media":0,"parent":0,"menu_order":0,"comment_status":"closed","ping_status":"closed","template":"","meta":{"_acf_changed":false,"footnotes":""},"categories":[],"class_list":["post-6731","page","type-page","status-publish","hentry"],"acf":[],"yoast_head":"<!-- This site is optimized with the Yoast SEO plugin v27.4 - https:\/\/yoast.com\/product\/yoast-seo-wordpress\/ -->\n<title>Accomodation - Formations linguistiques non cr\u00e9dit\u00e9es - UQAM<\/title>\n<meta name=\"robots\" content=\"index, follow, max-snippet:-1, max-image-preview:large, max-video-preview:-1\" \/>\n<link rel=\"canonical\" href=\"https:\/\/langues-en-continu.uqam.ca\/en\/accomodation\/\" \/>\n<meta property=\"og:locale\" content=\"en_US\" \/>\n<meta property=\"og:type\" content=\"article\" \/>\n<meta property=\"og:title\" content=\"Accomodation - Formations linguistiques non cr\u00e9dit\u00e9es - UQAM\" \/>\n<meta property=\"og:description\" content=\"Non\u2011Credit Language Courses recommends that you book and pay for your accommodation with one of the following partners when purchasing one of the following language stays: The package includes round-trip airport transfer (airport \u2192 homestay \u2192 airport) Please noteThe form to reserve homestay accommodation is available in English only. The MS Homestays team can assist [&hellip;]\" \/>\n<meta property=\"og:url\" content=\"https:\/\/langues-en-continu.uqam.ca\/en\/accomodation\/\" \/>\n<meta property=\"og:site_name\" content=\"Formations linguistiques non cr\u00e9dit\u00e9es\" \/>\n<meta property=\"article:publisher\" content=\"https:\/\/www.facebook.com\/formationslinguistiquesnoncr\" \/>\n<meta property=\"article:modified_time\" content=\"2026-03-12T20:25:26+00:00\" \/>\n<meta name=\"twitter:card\" content=\"summary_large_image\" \/>\n<meta name=\"twitter:label1\" content=\"Est. reading time\" \/>\n\t<meta name=\"twitter:data1\" content=\"2 minutes\" \/>\n<script type=\"application\/ld+json\" class=\"yoast-schema-graph\">{\"@context\":\"https:\\\/\\\/schema.org\",\"@graph\":[{\"@type\":\"WebPage\",\"@id\":\"https:\\\/\\\/langues-en-continu.uqam.ca\\\/en\\\/accomodation\\\/\",\"url\":\"https:\\\/\\\/langues-en-continu.uqam.ca\\\/en\\\/accomodation\\\/\",\"name\":\"Accomodation - Formations linguistiques non cr\u00e9dit\u00e9es - UQAM\",\"isPartOf\":{\"@id\":\"https:\\\/\\\/langues-en-continu.uqam.ca\\\/#website\"},\"datePublished\":\"2026-03-09T15:19:22+00:00\",\"dateModified\":\"2026-03-12T20:25:26+00:00\",\"breadcrumb\":{\"@id\":\"https:\\\/\\\/langues-en-continu.uqam.ca\\\/en\\\/accomodation\\\/#breadcrumb\"},\"inLanguage\":\"en-CA\",\"potentialAction\":[{\"@type\":\"ReadAction\",\"target\":[\"https:\\\/\\\/langues-en-continu.uqam.ca\\\/en\\\/accomodation\\\/\"]}]},{\"@type\":\"BreadcrumbList\",\"@id\":\"https:\\\/\\\/langues-en-continu.uqam.ca\\\/en\\\/accomodation\\\/#breadcrumb\",\"itemListElement\":[{\"@type\":\"ListItem\",\"position\":1,\"name\":\"UQAM\",\"item\":\"https:\\\/\\\/uqam.ca\"},{\"@type\":\"ListItem\",\"position\":2,\"name\":\"Formations linguistiques non cr\u00e9dit\u00e9es\",\"item\":\"https:\\\/\\\/langues-en-continu.uqam.ca\\\/en\\\/\"},{\"@type\":\"ListItem\",\"position\":3,\"name\":\"Accomodation\"}]},{\"@type\":\"WebSite\",\"@id\":\"https:\\\/\\\/langues-en-continu.uqam.ca\\\/#website\",\"url\":\"https:\\\/\\\/langues-en-continu.uqam.ca\\\/\",\"name\":\"Formations linguistiques non cr\u00e9dit\u00e9es\",\"description\":\"Formations linguistiques non cr\u00e9dit\u00e9es\",\"publisher\":{\"@id\":\"https:\\\/\\\/langues-en-continu.uqam.ca\\\/#organization\"},\"potentialAction\":[{\"@type\":\"SearchAction\",\"target\":{\"@type\":\"EntryPoint\",\"urlTemplate\":\"https:\\\/\\\/langues-en-continu.uqam.ca\\\/en\\\/\\\/recherche\\\/?q={search_term_string}\"},\"query-input\":{\"@type\":\"PropertyValueSpecification\",\"valueRequired\":true,\"valueName\":\"search_term_string\"}}],\"inLanguage\":\"en-CA\"},{\"@type\":\"Organization\",\"@id\":\"https:\\\/\\\/langues-en-continu.uqam.ca\\\/#organization\",\"name\":\"Langues en continu\",\"url\":\"https:\\\/\\\/langues-en-continu.uqam.ca\\\/\",\"logo\":{\"@type\":\"ImageObject\",\"inLanguage\":\"en-CA\",\"@id\":\"https:\\\/\\\/langues-en-continu.uqam.ca\\\/#\\\/schema\\\/logo\\\/image\\\/\",\"url\":\"https:\\\/\\\/gabarit-adaptatif.uqam.ca\\\/statique\\\/images\\\/logo-uqam.jpg\",\"contentUrl\":\"\",\"caption\":\"Langues en continu\"},\"image\":{\"@id\":\"https:\\\/\\\/langues-en-continu.uqam.ca\\\/#\\\/schema\\\/logo\\\/image\\\/\"},\"sameAs\":[\"https:\\\/\\\/www.facebook.com\\\/formationslinguistiquesnoncr\",\"https:\\\/\\\/www.instagram.com\\\/uqam_flnc\\\/?hl=fr\",\"https:\\\/\\\/www.linkedin.com\\\/company\\\/formations-linguistiques-non-cr\u00e9dit\u00e9es-uqam\\\/?viewAsMember=true\",\"https:\\\/\\\/www.youtube.com\\\/channel\\\/UCuOyS0Cg_x0w4RW4l29z4tw\"],\"parentOrganization\":{\"@type\":\"EducationalOrganization\",\"@id\":\"https:\\\/\\\/uqam.ca\\\/#organization\",\"name\":\"Universit\u00e9 du Qu\u00e9bec \u00e0 Montr\u00e9al\",\"url\":\"https:\\\/\\\/uqam.ca\",\"alternateName\":\"UQAM\",\"logo\":\"https:\\\/\\\/gabarit-adaptatif.uqam.ca\\\/statique\\\/images\\\/logo-uqam.jpg\"}}]}<\/script>\n<!-- \/ Yoast SEO plugin. -->","yoast_head_json":{"title":"Accomodation - Formations linguistiques non cr\u00e9dit\u00e9es - UQAM","robots":{"index":"index","follow":"follow","max-snippet":"max-snippet:-1","max-image-preview":"max-image-preview:large","max-video-preview":"max-video-preview:-1"},"canonical":"https:\/\/langues-en-continu.uqam.ca\/en\/accomodation\/","og_locale":"en_US","og_type":"article","og_title":"Accomodation - Formations linguistiques non cr\u00e9dit\u00e9es - UQAM","og_description":"Non\u2011Credit Language Courses recommends that you book and pay for your accommodation with one of the following partners when purchasing one of the following language stays: The package includes round-trip airport transfer (airport \u2192 homestay \u2192 airport) Please noteThe form to reserve homestay accommodation is available in English only. The MS Homestays team can assist [&hellip;]","og_url":"https:\/\/langues-en-continu.uqam.ca\/en\/accomodation\/","og_site_name":"Formations linguistiques non cr\u00e9dit\u00e9es","article_publisher":"https:\/\/www.facebook.com\/formationslinguistiquesnoncr","article_modified_time":"2026-03-12T20:25:26+00:00","twitter_card":"summary_large_image","twitter_misc":{"Est. reading time":"2 minutes"},"schema":{"@context":"https:\/\/schema.org","@graph":[{"@type":"WebPage","@id":"https:\/\/langues-en-continu.uqam.ca\/en\/accomodation\/","url":"https:\/\/langues-en-continu.uqam.ca\/en\/accomodation\/","name":"Accomodation - Formations linguistiques non cr\u00e9dit\u00e9es - UQAM","isPartOf":{"@id":"https:\/\/langues-en-continu.uqam.ca\/#website"},"datePublished":"2026-03-09T15:19:22+00:00","dateModified":"2026-03-12T20:25:26+00:00","breadcrumb":{"@id":"https:\/\/langues-en-continu.uqam.ca\/en\/accomodation\/#breadcrumb"},"inLanguage":"en-CA","potentialAction":[{"@type":"ReadAction","target":["https:\/\/langues-en-continu.uqam.ca\/en\/accomodation\/"]}]},{"@type":"BreadcrumbList","@id":"https:\/\/langues-en-continu.uqam.ca\/en\/accomodation\/#breadcrumb","itemListElement":[{"@type":"ListItem","position":1,"name":"UQAM","item":"https:\/\/uqam.ca"},{"@type":"ListItem","position":2,"name":"Formations linguistiques non cr\u00e9dit\u00e9es","item":"https:\/\/langues-en-continu.uqam.ca\/en\/"},{"@type":"ListItem","position":3,"name":"Accomodation"}]},{"@type":"WebSite","@id":"https:\/\/langues-en-continu.uqam.ca\/#website","url":"https:\/\/langues-en-continu.uqam.ca\/","name":"Formations linguistiques non cr\u00e9dit\u00e9es","description":"Formations linguistiques non cr\u00e9dit\u00e9es","publisher":{"@id":"https:\/\/langues-en-continu.uqam.ca\/#organization"},"potentialAction":[{"@type":"SearchAction","target":{"@type":"EntryPoint","urlTemplate":"https:\/\/langues-en-continu.uqam.ca\/en\/\/recherche\/?q={search_term_string}"},"query-input":{"@type":"PropertyValueSpecification","valueRequired":true,"valueName":"search_term_string"}}],"inLanguage":"en-CA"},{"@type":"Organization","@id":"https:\/\/langues-en-continu.uqam.ca\/#organization","name":"Langues en continu","url":"https:\/\/langues-en-continu.uqam.ca\/","logo":{"@type":"ImageObject","inLanguage":"en-CA","@id":"https:\/\/langues-en-continu.uqam.ca\/#\/schema\/logo\/image\/","url":"https:\/\/gabarit-adaptatif.uqam.ca\/statique\/images\/logo-uqam.jpg","contentUrl":"","caption":"Langues en continu"},"image":{"@id":"https:\/\/langues-en-continu.uqam.ca\/#\/schema\/logo\/image\/"},"sameAs":["https:\/\/www.facebook.com\/formationslinguistiquesnoncr","https:\/\/www.instagram.com\/uqam_flnc\/?hl=fr","https:\/\/www.linkedin.com\/company\/formations-linguistiques-non-cr\u00e9dit\u00e9es-uqam\/?viewAsMember=true","https:\/\/www.youtube.com\/channel\/UCuOyS0Cg_x0w4RW4l29z4tw"],"parentOrganization":{"@type":"EducationalOrganization","@id":"https:\/\/uqam.ca\/#organization","name":"Universit\u00e9 du Qu\u00e9bec \u00e0 Montr\u00e9al","url":"https:\/\/uqam.ca","alternateName":"UQAM","logo":"https:\/\/gabarit-adaptatif.uqam.ca\/statique\/images\/logo-uqam.jpg"}}]}},"_links":{"self":[{"href":"https:\/\/langues-en-continu.uqam.ca\/en\/wp-json\/wp\/v2\/pages\/6731","targetHints":{"allow":["GET"]}}],"collection":[{"href":"https:\/\/langues-en-continu.uqam.ca\/en\/wp-json\/wp\/v2\/pages"}],"about":[{"href":"https:\/\/langues-en-continu.uqam.ca\/en\/wp-json\/wp\/v2\/types\/page"}],"author":[{"embeddable":true,"href":"https:\/\/langues-en-continu.uqam.ca\/en\/wp-json\/wp\/v2\/users\/4"}],"replies":[{"embeddable":true,"href":"https:\/\/langues-en-continu.uqam.ca\/en\/wp-json\/wp\/v2\/comments?post=6731"}],"version-history":[{"count":19,"href":"https:\/\/langues-en-continu.uqam.ca\/en\/wp-json\/wp\/v2\/pages\/6731\/revisions"}],"predecessor-version":[{"id":6854,"href":"https:\/\/langues-en-continu.uqam.ca\/en\/wp-json\/wp\/v2\/pages\/6731\/revisions\/6854"}],"wp:attachment":[{"href":"https:\/\/langues-en-continu.uqam.ca\/en\/wp-json\/wp\/v2\/media?parent=6731"}],"wp:term":[{"taxonomy":"category","embeddable":true,"href":"https:\/\/langues-en-continu.uqam.ca\/en\/wp-json\/wp\/v2\/categories?post=6731"}],"curies":[{"name":"wp","href":"https:\/\/api.w.org\/{rel}","templated":true}]}}