{"id":530,"date":"2021-03-18T12:09:32","date_gmt":"2021-03-18T16:09:32","guid":{"rendered":"https:\/\/langues-en-continu.uqam.ca\/?page_id=530"},"modified":"2021-08-04T11:53:02","modified_gmt":"2021-08-04T15:53:02","slug":"my-student-account","status":"publish","type":"page","link":"https:\/\/langues-en-continu.uqam.ca\/en\/language-immersion\/my-student-account\/","title":{"rendered":"My student account"},"content":{"rendered":"\n<p>If you have already registered for a language immersion, you can access your account to:&nbsp;<\/p>\n\n\n\n<ul class=\"wp-block-list\"><li>View your&nbsp;profile&nbsp;<\/li><li>View optional activities available in the selected&nbsp;program&nbsp;<\/li><li>View your&nbsp;transcript&nbsp;<\/li><li>Request a copy of your&nbsp;transcript&nbsp;<\/li><\/ul>\n\n\n\n<p class=\"btn_inscription\"><a href=\"https:\/\/secure.sav.uqam.ca\/langues\/login.asp?lan=en\">My account<\/a><\/p>\n\n\n\n<p><a href=\"https:\/\/secure.sav.uqam.ca\/langues\/DemandeTranscript.asp?arg=0&amp;langue=an\">Academic transcript request<\/a><\/p>\n","protected":false},"excerpt":{"rendered":"<p>If you have already registered for a language immersion, you can access your account to:&nbsp; View your&nbsp;profile&nbsp; View optional activities available in the selected&nbsp;program&nbsp; View your&nbsp;transcript&nbsp; Request a copy of your&nbsp;transcript&nbsp; My account Academic transcript request<\/p>\n","protected":false},"author":6,"featured_media":0,"parent":1305,"menu_order":0,"comment_status":"closed","ping_status":"closed","template":"","meta":{"_acf_changed":false,"footnotes":""},"categories":[],"class_list":["post-530","page","type-page","status-publish","hentry"],"acf":[],"yoast_head":"<!-- This site is optimized with the Yoast SEO plugin v27.4 - https:\/\/yoast.com\/product\/yoast-seo-wordpress\/ -->\n<title>My student account - Formations linguistiques non cr\u00e9dit\u00e9es - UQAM<\/title>\n<meta name=\"description\" content=\"Access your student account to request a transcript.\" \/>\n<meta name=\"robots\" content=\"index, follow, max-snippet:-1, max-image-preview:large, max-video-preview:-1\" \/>\n<link rel=\"canonical\" href=\"https:\/\/langues-en-continu.uqam.ca\/en\/my-student-account\/\" \/>\n<meta property=\"og:locale\" content=\"en_US\" \/>\n<meta property=\"og:type\" content=\"article\" \/>\n<meta property=\"og:title\" content=\"My student account - Formations linguistiques non cr\u00e9dit\u00e9es - UQAM\" \/>\n<meta property=\"og:description\" content=\"Access your student account to request a transcript.\" \/>\n<meta property=\"og:url\" content=\"https:\/\/langues-en-continu.uqam.ca\/en\/my-student-account\/\" \/>\n<meta property=\"og:site_name\" content=\"Formations linguistiques non cr\u00e9dit\u00e9es\" \/>\n<meta property=\"article:publisher\" content=\"https:\/\/www.facebook.com\/formationslinguistiquesnoncr\" \/>\n<meta property=\"article:modified_time\" content=\"2021-08-04T15:53:02+00:00\" \/>\n<meta name=\"twitter:card\" content=\"summary_large_image\" \/>\n<meta name=\"twitter:label1\" content=\"Est. reading time\" \/>\n\t<meta name=\"twitter:data1\" content=\"1 minute\" \/>\n<script type=\"application\/ld+json\" class=\"yoast-schema-graph\">{\"@context\":\"https:\\\/\\\/schema.org\",\"@graph\":[{\"@type\":\"WebPage\",\"@id\":\"https:\\\/\\\/langues-en-continu.uqam.ca\\\/en\\\/my-student-account\\\/\",\"url\":\"https:\\\/\\\/langues-en-continu.uqam.ca\\\/en\\\/my-student-account\\\/\",\"name\":\"My student account - Formations linguistiques non cr\u00e9dit\u00e9es - UQAM\",\"isPartOf\":{\"@id\":\"https:\\\/\\\/langues-en-continu.uqam.ca\\\/#website\"},\"datePublished\":\"2021-03-18T16:09:32+00:00\",\"dateModified\":\"2021-08-04T15:53:02+00:00\",\"description\":\"Access your student account to request a transcript.\",\"breadcrumb\":{\"@id\":\"https:\\\/\\\/langues-en-continu.uqam.ca\\\/en\\\/my-student-account\\\/#breadcrumb\"},\"inLanguage\":\"en-CA\",\"potentialAction\":[{\"@type\":\"ReadAction\",\"target\":[\"https:\\\/\\\/langues-en-continu.uqam.ca\\\/en\\\/my-student-account\\\/\"]}]},{\"@type\":\"BreadcrumbList\",\"@id\":\"https:\\\/\\\/langues-en-continu.uqam.ca\\\/en\\\/my-student-account\\\/#breadcrumb\",\"itemListElement\":[{\"@type\":\"ListItem\",\"position\":1,\"name\":\"UQAM\",\"item\":\"https:\\\/\\\/uqam.ca\"},{\"@type\":\"ListItem\",\"position\":2,\"name\":\"Formations linguistiques non cr\u00e9dit\u00e9es\",\"item\":\"https:\\\/\\\/langues-en-continu.uqam.ca\\\/en\\\/\"},{\"@type\":\"ListItem\",\"position\":3,\"name\":\"My student account\"}]},{\"@type\":\"WebSite\",\"@id\":\"https:\\\/\\\/langues-en-continu.uqam.ca\\\/#website\",\"url\":\"https:\\\/\\\/langues-en-continu.uqam.ca\\\/\",\"name\":\"Formations linguistiques non cr\u00e9dit\u00e9es\",\"description\":\"Formations linguistiques non cr\u00e9dit\u00e9es\",\"publisher\":{\"@id\":\"https:\\\/\\\/langues-en-continu.uqam.ca\\\/#organization\"},\"potentialAction\":[{\"@type\":\"SearchAction\",\"target\":{\"@type\":\"EntryPoint\",\"urlTemplate\":\"https:\\\/\\\/langues-en-continu.uqam.ca\\\/en\\\/\\\/recherche\\\/?q={search_term_string}\"},\"query-input\":{\"@type\":\"PropertyValueSpecification\",\"valueRequired\":true,\"valueName\":\"search_term_string\"}}],\"inLanguage\":\"en-CA\"},{\"@type\":\"Organization\",\"@id\":\"https:\\\/\\\/langues-en-continu.uqam.ca\\\/#organization\",\"name\":\"Langues en continu\",\"url\":\"https:\\\/\\\/langues-en-continu.uqam.ca\\\/\",\"logo\":{\"@type\":\"ImageObject\",\"inLanguage\":\"en-CA\",\"@id\":\"https:\\\/\\\/langues-en-continu.uqam.ca\\\/#\\\/schema\\\/logo\\\/image\\\/\",\"url\":\"https:\\\/\\\/gabarit-adaptatif.uqam.ca\\\/statique\\\/images\\\/logo-uqam.jpg\",\"contentUrl\":\"\",\"caption\":\"Langues en continu\"},\"image\":{\"@id\":\"https:\\\/\\\/langues-en-continu.uqam.ca\\\/#\\\/schema\\\/logo\\\/image\\\/\"},\"sameAs\":[\"https:\\\/\\\/www.facebook.com\\\/formationslinguistiquesnoncr\",\"https:\\\/\\\/www.instagram.com\\\/uqam_flnc\\\/?hl=fr\",\"https:\\\/\\\/www.linkedin.com\\\/company\\\/formations-linguistiques-non-cr\u00e9dit\u00e9es-uqam\\\/?viewAsMember=true\",\"https:\\\/\\\/www.youtube.com\\\/channel\\\/UCuOyS0Cg_x0w4RW4l29z4tw\"],\"parentOrganization\":{\"@type\":\"EducationalOrganization\",\"@id\":\"https:\\\/\\\/uqam.ca\\\/#organization\",\"name\":\"Universit\u00e9 du Qu\u00e9bec \u00e0 Montr\u00e9al\",\"url\":\"https:\\\/\\\/uqam.ca\",\"alternateName\":\"UQAM\",\"logo\":\"https:\\\/\\\/gabarit-adaptatif.uqam.ca\\\/statique\\\/images\\\/logo-uqam.jpg\"}}]}<\/script>\n<!-- \/ Yoast SEO plugin. -->","yoast_head_json":{"title":"My student account - Formations linguistiques non cr\u00e9dit\u00e9es - UQAM","description":"Access your student account to request a transcript.","robots":{"index":"index","follow":"follow","max-snippet":"max-snippet:-1","max-image-preview":"max-image-preview:large","max-video-preview":"max-video-preview:-1"},"canonical":"https:\/\/langues-en-continu.uqam.ca\/en\/my-student-account\/","og_locale":"en_US","og_type":"article","og_title":"My student account - Formations linguistiques non cr\u00e9dit\u00e9es - UQAM","og_description":"Access your student account to request a transcript.","og_url":"https:\/\/langues-en-continu.uqam.ca\/en\/my-student-account\/","og_site_name":"Formations linguistiques non cr\u00e9dit\u00e9es","article_publisher":"https:\/\/www.facebook.com\/formationslinguistiquesnoncr","article_modified_time":"2021-08-04T15:53:02+00:00","twitter_card":"summary_large_image","twitter_misc":{"Est. reading time":"1 minute"},"schema":{"@context":"https:\/\/schema.org","@graph":[{"@type":"WebPage","@id":"https:\/\/langues-en-continu.uqam.ca\/en\/my-student-account\/","url":"https:\/\/langues-en-continu.uqam.ca\/en\/my-student-account\/","name":"My student account - Formations linguistiques non cr\u00e9dit\u00e9es - UQAM","isPartOf":{"@id":"https:\/\/langues-en-continu.uqam.ca\/#website"},"datePublished":"2021-03-18T16:09:32+00:00","dateModified":"2021-08-04T15:53:02+00:00","description":"Access your student account to request a transcript.","breadcrumb":{"@id":"https:\/\/langues-en-continu.uqam.ca\/en\/my-student-account\/#breadcrumb"},"inLanguage":"en-CA","potentialAction":[{"@type":"ReadAction","target":["https:\/\/langues-en-continu.uqam.ca\/en\/my-student-account\/"]}]},{"@type":"BreadcrumbList","@id":"https:\/\/langues-en-continu.uqam.ca\/en\/my-student-account\/#breadcrumb","itemListElement":[{"@type":"ListItem","position":1,"name":"UQAM","item":"https:\/\/uqam.ca"},{"@type":"ListItem","position":2,"name":"Formations linguistiques non cr\u00e9dit\u00e9es","item":"https:\/\/langues-en-continu.uqam.ca\/en\/"},{"@type":"ListItem","position":3,"name":"My student account"}]},{"@type":"WebSite","@id":"https:\/\/langues-en-continu.uqam.ca\/#website","url":"https:\/\/langues-en-continu.uqam.ca\/","name":"Formations linguistiques non cr\u00e9dit\u00e9es","description":"Formations linguistiques non cr\u00e9dit\u00e9es","publisher":{"@id":"https:\/\/langues-en-continu.uqam.ca\/#organization"},"potentialAction":[{"@type":"SearchAction","target":{"@type":"EntryPoint","urlTemplate":"https:\/\/langues-en-continu.uqam.ca\/en\/\/recherche\/?q={search_term_string}"},"query-input":{"@type":"PropertyValueSpecification","valueRequired":true,"valueName":"search_term_string"}}],"inLanguage":"en-CA"},{"@type":"Organization","@id":"https:\/\/langues-en-continu.uqam.ca\/#organization","name":"Langues en continu","url":"https:\/\/langues-en-continu.uqam.ca\/","logo":{"@type":"ImageObject","inLanguage":"en-CA","@id":"https:\/\/langues-en-continu.uqam.ca\/#\/schema\/logo\/image\/","url":"https:\/\/gabarit-adaptatif.uqam.ca\/statique\/images\/logo-uqam.jpg","contentUrl":"","caption":"Langues en continu"},"image":{"@id":"https:\/\/langues-en-continu.uqam.ca\/#\/schema\/logo\/image\/"},"sameAs":["https:\/\/www.facebook.com\/formationslinguistiquesnoncr","https:\/\/www.instagram.com\/uqam_flnc\/?hl=fr","https:\/\/www.linkedin.com\/company\/formations-linguistiques-non-cr\u00e9dit\u00e9es-uqam\/?viewAsMember=true","https:\/\/www.youtube.com\/channel\/UCuOyS0Cg_x0w4RW4l29z4tw"],"parentOrganization":{"@type":"EducationalOrganization","@id":"https:\/\/uqam.ca\/#organization","name":"Universit\u00e9 du Qu\u00e9bec \u00e0 Montr\u00e9al","url":"https:\/\/uqam.ca","alternateName":"UQAM","logo":"https:\/\/gabarit-adaptatif.uqam.ca\/statique\/images\/logo-uqam.jpg"}}]}},"_links":{"self":[{"href":"https:\/\/langues-en-continu.uqam.ca\/en\/wp-json\/wp\/v2\/pages\/530","targetHints":{"allow":["GET"]}}],"collection":[{"href":"https:\/\/langues-en-continu.uqam.ca\/en\/wp-json\/wp\/v2\/pages"}],"about":[{"href":"https:\/\/langues-en-continu.uqam.ca\/en\/wp-json\/wp\/v2\/types\/page"}],"author":[{"embeddable":true,"href":"https:\/\/langues-en-continu.uqam.ca\/en\/wp-json\/wp\/v2\/users\/6"}],"replies":[{"embeddable":true,"href":"https:\/\/langues-en-continu.uqam.ca\/en\/wp-json\/wp\/v2\/comments?post=530"}],"version-history":[{"count":5,"href":"https:\/\/langues-en-continu.uqam.ca\/en\/wp-json\/wp\/v2\/pages\/530\/revisions"}],"predecessor-version":[{"id":981,"href":"https:\/\/langues-en-continu.uqam.ca\/en\/wp-json\/wp\/v2\/pages\/530\/revisions\/981"}],"up":[{"embeddable":true,"href":"https:\/\/langues-en-continu.uqam.ca\/en\/wp-json\/wp\/v2\/pages\/1305"}],"wp:attachment":[{"href":"https:\/\/langues-en-continu.uqam.ca\/en\/wp-json\/wp\/v2\/media?parent=530"}],"wp:term":[{"taxonomy":"category","embeddable":true,"href":"https:\/\/langues-en-continu.uqam.ca\/en\/wp-json\/wp\/v2\/categories?post=530"}],"curies":[{"name":"wp","href":"https:\/\/api.w.org\/{rel}","templated":true}]}}