{"id":460,"date":"2021-03-15T15:16:56","date_gmt":"2021-03-15T19:16:56","guid":{"rendered":"https:\/\/langues-en-continu.uqam.ca\/?page_id=460"},"modified":"2021-03-15T15:16:58","modified_gmt":"2021-03-15T19:16:58","slug":"customized-training-courses-2","status":"publish","type":"page","link":"https:\/\/langues-en-continu.uqam.ca\/en\/enrolment-procedures\/customized-training-courses-2\/","title":{"rendered":"Customized training courses"},"content":{"rendered":"\n<h2 class=\"wp-block-heading\">Costs\u00a0<\/h2>\n\n\n\n<p>All customized training courses are carefully evaluated. As a result, depending on their nature, prices may vary.&nbsp;&nbsp;<\/p>\n\n\n\n<p>In general,&nbsp;your&nbsp;should anticipate the following costs:&nbsp;<\/p>\n\n\n\n<ul class=\"wp-block-list\"><li>Preparing and developing the customized offer&nbsp;<\/li><li>Course fee&nbsp;<\/li><li>Placement test&nbsp;&nbsp;<\/li><li>Teaching materials&nbsp;<\/li><li>Transportation costs for the trainer, where applicable&nbsp;<\/li><\/ul>\n\n\n\n<h2 class=\"wp-block-heading\">Methods of payment\u00a0<\/h2>\n\n\n\n<p>According to the terms of the contract.&nbsp;&nbsp;<\/p>\n\n\n\n<h2 class=\"wp-block-heading\">Cancellation and refund policy\u00a0<\/h2>\n\n\n\n<p>All deferrals and cancellations will be reviewed in accordance with the specific terms of the contract.&nbsp;&nbsp;<\/p>\n\n\n\n<h2 class=\"wp-block-heading\">Certificate of participation\u00a0\u00a0<\/h2>\n\n\n\n<p>All participants will receive a certificate of assessment and participation once they have satisfied the training requirements.&nbsp;<\/p>\n\n\n\n<p>The certificate of assessment acknowledges the completion of the training course for which the continuing education units (CEUs) may be issued, where applicable.&nbsp;&nbsp;&nbsp;<\/p>\n\n\n\n<p>Non-Credit Language Courses are accredited by The Society for Continued Education and Training (SOFEDUC).&nbsp;&nbsp;<\/p>\n\n\n\n<h2 class=\"wp-block-heading\">Act to promote workforce skills development and recognition\u00a0<\/h2>\n\n\n\n<p>Non-Credit&nbsp;Language&nbsp;Courses are&nbsp;recognized&nbsp;by the Commission des partenaires du march\u00e9 du travail.&nbsp;Funds invested in our training activities are eligible under the law commonly referred to as the Skills Act.&nbsp;<\/p>\n","protected":false},"excerpt":{"rendered":"<p>Costs\u00a0 All customized training courses are carefully evaluated. As a result, depending on their nature, prices may vary.&nbsp;&nbsp; In general,&nbsp;your&nbsp;should anticipate the following costs:&nbsp; Preparing and developing the customized offer&nbsp; Course fee&nbsp; Placement test&nbsp;&nbsp; Teaching materials&nbsp; Transportation costs for the trainer, where applicable&nbsp; Methods of payment\u00a0 According to the terms of the contract.&nbsp;&nbsp; Cancellation and [&hellip;]<\/p>\n","protected":false},"author":7,"featured_media":0,"parent":1307,"menu_order":0,"comment_status":"closed","ping_status":"closed","template":"","meta":{"_acf_changed":false,"footnotes":""},"categories":[],"class_list":["post-460","page","type-page","status-publish","hentry"],"acf":[],"yoast_head":"<!-- This site is optimized with the Yoast SEO plugin v27.5 - https:\/\/yoast.com\/product\/yoast-seo-wordpress\/ -->\n<title>Customized training courses - Formations linguistiques non cr\u00e9dit\u00e9es - UQAM<\/title>\n<meta name=\"robots\" content=\"index, follow, max-snippet:-1, max-image-preview:large, max-video-preview:-1\" \/>\n<link rel=\"canonical\" href=\"https:\/\/langues-en-continu.uqam.ca\/en\/customized-training-courses-2\/\" \/>\n<meta property=\"og:locale\" content=\"en_US\" \/>\n<meta property=\"og:type\" content=\"article\" \/>\n<meta property=\"og:title\" content=\"Customized training courses - Formations linguistiques non cr\u00e9dit\u00e9es - UQAM\" \/>\n<meta property=\"og:description\" content=\"Costs\u00a0 All customized training courses are carefully evaluated. As a result, depending on their nature, prices may vary.&nbsp;&nbsp; In general,&nbsp;your&nbsp;should anticipate the following costs:&nbsp; Preparing and developing the customized offer&nbsp; Course fee&nbsp; Placement test&nbsp;&nbsp; Teaching materials&nbsp; Transportation costs for the trainer, where applicable&nbsp; Methods of payment\u00a0 According to the terms of the contract.&nbsp;&nbsp; Cancellation and [&hellip;]\" \/>\n<meta property=\"og:url\" content=\"https:\/\/langues-en-continu.uqam.ca\/en\/customized-training-courses-2\/\" \/>\n<meta property=\"og:site_name\" content=\"Formations linguistiques non cr\u00e9dit\u00e9es\" \/>\n<meta property=\"article:publisher\" content=\"https:\/\/www.facebook.com\/formationslinguistiquesnoncr\" \/>\n<meta property=\"article:modified_time\" content=\"2021-03-15T19:16:58+00:00\" \/>\n<meta name=\"twitter:card\" content=\"summary_large_image\" \/>\n<meta name=\"twitter:label1\" content=\"Est. reading time\" \/>\n\t<meta name=\"twitter:data1\" content=\"1 minute\" \/>\n<script type=\"application\/ld+json\" class=\"yoast-schema-graph\">{\"@context\":\"https:\\\/\\\/schema.org\",\"@graph\":[{\"@type\":\"WebPage\",\"@id\":\"https:\\\/\\\/langues-en-continu.uqam.ca\\\/en\\\/customized-training-courses-2\\\/\",\"url\":\"https:\\\/\\\/langues-en-continu.uqam.ca\\\/en\\\/customized-training-courses-2\\\/\",\"name\":\"Customized training courses - Formations linguistiques non cr\u00e9dit\u00e9es - UQAM\",\"isPartOf\":{\"@id\":\"https:\\\/\\\/langues-en-continu.uqam.ca\\\/#website\"},\"datePublished\":\"2021-03-15T19:16:56+00:00\",\"dateModified\":\"2021-03-15T19:16:58+00:00\",\"breadcrumb\":{\"@id\":\"https:\\\/\\\/langues-en-continu.uqam.ca\\\/en\\\/customized-training-courses-2\\\/#breadcrumb\"},\"inLanguage\":\"en-CA\",\"potentialAction\":[{\"@type\":\"ReadAction\",\"target\":[\"https:\\\/\\\/langues-en-continu.uqam.ca\\\/en\\\/customized-training-courses-2\\\/\"]}]},{\"@type\":\"BreadcrumbList\",\"@id\":\"https:\\\/\\\/langues-en-continu.uqam.ca\\\/en\\\/customized-training-courses-2\\\/#breadcrumb\",\"itemListElement\":[{\"@type\":\"ListItem\",\"position\":1,\"name\":\"UQAM\",\"item\":\"https:\\\/\\\/uqam.ca\"},{\"@type\":\"ListItem\",\"position\":2,\"name\":\"Formations linguistiques non cr\u00e9dit\u00e9es\",\"item\":\"https:\\\/\\\/langues-en-continu.uqam.ca\\\/en\\\/\"},{\"@type\":\"ListItem\",\"position\":3,\"name\":\"Customized training courses\"}]},{\"@type\":\"WebSite\",\"@id\":\"https:\\\/\\\/langues-en-continu.uqam.ca\\\/#website\",\"url\":\"https:\\\/\\\/langues-en-continu.uqam.ca\\\/\",\"name\":\"Formations linguistiques non cr\u00e9dit\u00e9es\",\"description\":\"Formations linguistiques non cr\u00e9dit\u00e9es\",\"publisher\":{\"@id\":\"https:\\\/\\\/langues-en-continu.uqam.ca\\\/#organization\"},\"potentialAction\":[{\"@type\":\"SearchAction\",\"target\":{\"@type\":\"EntryPoint\",\"urlTemplate\":\"https:\\\/\\\/langues-en-continu.uqam.ca\\\/en\\\/\\\/recherche\\\/?q={search_term_string}\"},\"query-input\":{\"@type\":\"PropertyValueSpecification\",\"valueRequired\":true,\"valueName\":\"search_term_string\"}}],\"inLanguage\":\"en-CA\"},{\"@type\":\"Organization\",\"@id\":\"https:\\\/\\\/langues-en-continu.uqam.ca\\\/#organization\",\"name\":\"Langues en continu\",\"url\":\"https:\\\/\\\/langues-en-continu.uqam.ca\\\/\",\"logo\":{\"@type\":\"ImageObject\",\"inLanguage\":\"en-CA\",\"@id\":\"https:\\\/\\\/langues-en-continu.uqam.ca\\\/#\\\/schema\\\/logo\\\/image\\\/\",\"url\":\"https:\\\/\\\/gabarit-adaptatif.uqam.ca\\\/statique\\\/images\\\/logo-uqam.jpg\",\"contentUrl\":\"\",\"caption\":\"Langues en continu\"},\"image\":{\"@id\":\"https:\\\/\\\/langues-en-continu.uqam.ca\\\/#\\\/schema\\\/logo\\\/image\\\/\"},\"sameAs\":[\"https:\\\/\\\/www.facebook.com\\\/formationslinguistiquesnoncr\",\"https:\\\/\\\/www.instagram.com\\\/uqam_flnc\\\/?hl=fr\",\"https:\\\/\\\/www.linkedin.com\\\/company\\\/formations-linguistiques-non-cr\u00e9dit\u00e9es-uqam\\\/?viewAsMember=true\",\"https:\\\/\\\/www.youtube.com\\\/channel\\\/UCuOyS0Cg_x0w4RW4l29z4tw\"],\"parentOrganization\":{\"@type\":\"EducationalOrganization\",\"@id\":\"https:\\\/\\\/uqam.ca\\\/#organization\",\"name\":\"Universit\u00e9 du Qu\u00e9bec \u00e0 Montr\u00e9al\",\"url\":\"https:\\\/\\\/uqam.ca\",\"alternateName\":\"UQAM\",\"logo\":\"https:\\\/\\\/gabarit-adaptatif.uqam.ca\\\/statique\\\/images\\\/logo-uqam.jpg\"}}]}<\/script>\n<!-- \/ Yoast SEO plugin. -->","yoast_head_json":{"title":"Customized training courses - Formations linguistiques non cr\u00e9dit\u00e9es - UQAM","robots":{"index":"index","follow":"follow","max-snippet":"max-snippet:-1","max-image-preview":"max-image-preview:large","max-video-preview":"max-video-preview:-1"},"canonical":"https:\/\/langues-en-continu.uqam.ca\/en\/customized-training-courses-2\/","og_locale":"en_US","og_type":"article","og_title":"Customized training courses - Formations linguistiques non cr\u00e9dit\u00e9es - UQAM","og_description":"Costs\u00a0 All customized training courses are carefully evaluated. As a result, depending on their nature, prices may vary.&nbsp;&nbsp; In general,&nbsp;your&nbsp;should anticipate the following costs:&nbsp; Preparing and developing the customized offer&nbsp; Course fee&nbsp; Placement test&nbsp;&nbsp; Teaching materials&nbsp; Transportation costs for the trainer, where applicable&nbsp; Methods of payment\u00a0 According to the terms of the contract.&nbsp;&nbsp; Cancellation and [&hellip;]","og_url":"https:\/\/langues-en-continu.uqam.ca\/en\/customized-training-courses-2\/","og_site_name":"Formations linguistiques non cr\u00e9dit\u00e9es","article_publisher":"https:\/\/www.facebook.com\/formationslinguistiquesnoncr","article_modified_time":"2021-03-15T19:16:58+00:00","twitter_card":"summary_large_image","twitter_misc":{"Est. reading time":"1 minute"},"schema":{"@context":"https:\/\/schema.org","@graph":[{"@type":"WebPage","@id":"https:\/\/langues-en-continu.uqam.ca\/en\/customized-training-courses-2\/","url":"https:\/\/langues-en-continu.uqam.ca\/en\/customized-training-courses-2\/","name":"Customized training courses - Formations linguistiques non cr\u00e9dit\u00e9es - UQAM","isPartOf":{"@id":"https:\/\/langues-en-continu.uqam.ca\/#website"},"datePublished":"2021-03-15T19:16:56+00:00","dateModified":"2021-03-15T19:16:58+00:00","breadcrumb":{"@id":"https:\/\/langues-en-continu.uqam.ca\/en\/customized-training-courses-2\/#breadcrumb"},"inLanguage":"en-CA","potentialAction":[{"@type":"ReadAction","target":["https:\/\/langues-en-continu.uqam.ca\/en\/customized-training-courses-2\/"]}]},{"@type":"BreadcrumbList","@id":"https:\/\/langues-en-continu.uqam.ca\/en\/customized-training-courses-2\/#breadcrumb","itemListElement":[{"@type":"ListItem","position":1,"name":"UQAM","item":"https:\/\/uqam.ca"},{"@type":"ListItem","position":2,"name":"Formations linguistiques non cr\u00e9dit\u00e9es","item":"https:\/\/langues-en-continu.uqam.ca\/en\/"},{"@type":"ListItem","position":3,"name":"Customized training courses"}]},{"@type":"WebSite","@id":"https:\/\/langues-en-continu.uqam.ca\/#website","url":"https:\/\/langues-en-continu.uqam.ca\/","name":"Formations linguistiques non cr\u00e9dit\u00e9es","description":"Formations linguistiques non cr\u00e9dit\u00e9es","publisher":{"@id":"https:\/\/langues-en-continu.uqam.ca\/#organization"},"potentialAction":[{"@type":"SearchAction","target":{"@type":"EntryPoint","urlTemplate":"https:\/\/langues-en-continu.uqam.ca\/en\/\/recherche\/?q={search_term_string}"},"query-input":{"@type":"PropertyValueSpecification","valueRequired":true,"valueName":"search_term_string"}}],"inLanguage":"en-CA"},{"@type":"Organization","@id":"https:\/\/langues-en-continu.uqam.ca\/#organization","name":"Langues en continu","url":"https:\/\/langues-en-continu.uqam.ca\/","logo":{"@type":"ImageObject","inLanguage":"en-CA","@id":"https:\/\/langues-en-continu.uqam.ca\/#\/schema\/logo\/image\/","url":"https:\/\/gabarit-adaptatif.uqam.ca\/statique\/images\/logo-uqam.jpg","contentUrl":"","caption":"Langues en continu"},"image":{"@id":"https:\/\/langues-en-continu.uqam.ca\/#\/schema\/logo\/image\/"},"sameAs":["https:\/\/www.facebook.com\/formationslinguistiquesnoncr","https:\/\/www.instagram.com\/uqam_flnc\/?hl=fr","https:\/\/www.linkedin.com\/company\/formations-linguistiques-non-cr\u00e9dit\u00e9es-uqam\/?viewAsMember=true","https:\/\/www.youtube.com\/channel\/UCuOyS0Cg_x0w4RW4l29z4tw"],"parentOrganization":{"@type":"EducationalOrganization","@id":"https:\/\/uqam.ca\/#organization","name":"Universit\u00e9 du Qu\u00e9bec \u00e0 Montr\u00e9al","url":"https:\/\/uqam.ca","alternateName":"UQAM","logo":"https:\/\/gabarit-adaptatif.uqam.ca\/statique\/images\/logo-uqam.jpg"}}]}},"_links":{"self":[{"href":"https:\/\/langues-en-continu.uqam.ca\/en\/wp-json\/wp\/v2\/pages\/460","targetHints":{"allow":["GET"]}}],"collection":[{"href":"https:\/\/langues-en-continu.uqam.ca\/en\/wp-json\/wp\/v2\/pages"}],"about":[{"href":"https:\/\/langues-en-continu.uqam.ca\/en\/wp-json\/wp\/v2\/types\/page"}],"author":[{"embeddable":true,"href":"https:\/\/langues-en-continu.uqam.ca\/en\/wp-json\/wp\/v2\/users\/7"}],"replies":[{"embeddable":true,"href":"https:\/\/langues-en-continu.uqam.ca\/en\/wp-json\/wp\/v2\/comments?post=460"}],"version-history":[{"count":1,"href":"https:\/\/langues-en-continu.uqam.ca\/en\/wp-json\/wp\/v2\/pages\/460\/revisions"}],"predecessor-version":[{"id":462,"href":"https:\/\/langues-en-continu.uqam.ca\/en\/wp-json\/wp\/v2\/pages\/460\/revisions\/462"}],"up":[{"embeddable":true,"href":"https:\/\/langues-en-continu.uqam.ca\/en\/wp-json\/wp\/v2\/pages\/1307"}],"wp:attachment":[{"href":"https:\/\/langues-en-continu.uqam.ca\/en\/wp-json\/wp\/v2\/media?parent=460"}],"wp:term":[{"taxonomy":"category","embeddable":true,"href":"https:\/\/langues-en-continu.uqam.ca\/en\/wp-json\/wp\/v2\/categories?post=460"}],"curies":[{"name":"wp","href":"https:\/\/api.w.org\/{rel}","templated":true}]}}