{"id":455,"date":"2021-03-15T15:15:00","date_gmt":"2021-03-15T19:15:00","guid":{"rendered":"https:\/\/langues-en-continu.uqam.ca\/?page_id=455"},"modified":"2025-09-16T09:23:41","modified_gmt":"2025-09-16T13:23:41","slug":"language-immersion","status":"publish","type":"page","link":"https:\/\/langues-en-continu.uqam.ca\/en\/enrolment-procedures\/language-immersion\/","title":{"rendered":"Language immersion"},"content":{"rendered":"\n<h2 class=\"wp-block-heading\">Costs&nbsp;<\/h2>\n\n\n\n<p>For reference, those taking part in a language immersion should expect the following costs:&nbsp;&nbsp;&nbsp;<\/p>\n\n\n\n<ul class=\"wp-block-list\">\n<li>Course fee&nbsp;(starting at $1010<strong>) <\/strong>*<\/li>\n\n\n\n<li>Registration fee&nbsp;&nbsp;<\/li>\n\n\n\n<li>Placement test&nbsp;<\/li>\n\n\n\n<li>Teaching materials\u202f&nbsp;<\/li>\n\n\n\n<li>Applicable taxes&nbsp;<\/li>\n<\/ul>\n\n\n\n<h3 class=\"wp-block-heading\">Applicable taxes&nbsp;<\/h3>\n\n\n\n<ul class=\"wp-block-list\">\n<li>Registration fee \u2013 GST and QST&nbsp;<\/li>\n\n\n\n<li>Educational materials \u2013 GST&nbsp;&nbsp;(for Spanish classes only)<\/li>\n\n\n\n<li>Accommodation reservation fee, where applicable \u2013 GST and QST&nbsp;<\/li>\n<\/ul>\n\n\n\n<p><em>*English and French courses are non-taxable.&nbsp;&nbsp;<\/em><\/p>\n\n\n\n<h3 class=\"wp-block-heading\">Discounts&nbsp;&nbsp;<\/h3>\n\n\n\n<ul class=\"wp-block-list\">\n<li>8% applicable if two (2) programs are on the same registration&nbsp;form&nbsp;<\/li>\n\n\n\n<li>15% for UQAM students, graduates,&nbsp;employees&nbsp;and retirees upon presentation of supporting documentation.&nbsp;<\/li>\n<\/ul>\n\n\n\n<h3 class=\"wp-block-heading\">Methods of payment&nbsp;<\/h3>\n\n\n\n<p>By credit card (Visa, Mastercard)&nbsp;<\/p>\n\n\n\n<p>Prices are in Canadian dollars. The currency conversion will be made on your credit card.&nbsp;<\/p>\n\n\n\n<h3 class=\"wp-block-heading\">Registration deadline <\/h3>\n\n\n\n<figure class=\"wp-block-table is-style-nonSortable\"><table><tbody><tr><td><strong>Programs<\/strong><\/td><td><strong>Registration deadline<\/strong><\/td><\/tr><tr><td><a href=\"https:\/\/langues-en-continu.uqam.ca\/en\/immersion\/uqam-explore-program-french-second-language\/\">Explore Program (unsubsidized)<\/a> <strong>May 19 to June 18, 2026<\/strong> ( 5 weeks)<\/td><td>March 23, 2026<\/td><\/tr><tr><td><strong>Discover Montreal in a new light (ISA)<\/strong> <strong>July 6 to July 24, 2026<\/strong> (3 weeks)<br><a href=\"https:\/\/langues-en-continu.uqam.ca\/en\/immersion\/non-native-french-speakers-inperson-july-isa\/\">Non-native French speakers<\/a> <br><a href=\"https:\/\/langues-en-continu.uqam.ca\/en\/immersion\/non-native-english-speakers-july-isa\/\">Non-native English speakers<\/a><\/td><td>May 25, 2026<\/td><\/tr><tr><td><strong><strong>Discover Montreal in a new light<\/strong> (ISB)  July <strong>27<\/strong> to August 14, 2026<\/strong> (3 weeks) <br><a href=\"https:\/\/langues-en-continu.uqam.ca\/en\/immersion\/non-native-french-speakers-august-isb\/\">Non-native French speakers<\/a><\/td><td>June 15, 2026<\/td><\/tr><tr><td><strong><strong>Discover Montreal in a new light<\/strong> (ISC)<\/strong> <strong>July 6 to August 14, 2026<\/strong> (6 weeks)<br>French &#8211; French <br>English &#8211; French<\/td><td>May 25, 2026<\/td><\/tr><\/tbody><\/table><\/figure>\n\n\n\n<h2 class=\"wp-block-heading\">Cancellation and refund policy&nbsp;&nbsp;<\/h2>\n\n\n\n<h3 class=\"wp-block-heading\">Cancellation of a language immersion by the Non-Credit Language Courses office&nbsp;<\/h3>\n\n\n\n<p>The Non-Credit Language Courses office reserves the right to cancel any language immersion without notice if there is an insufficient number of participants.&nbsp;<strong>This is the only case in which all costs will be refunded.<\/strong>&nbsp;<\/p>\n\n\n\n<p>Under no circumstances will travel costs be absorbed by non-credited Language Training courses. <strong>Participants are responsible for taking out travel cancellation insurance.<\/strong><\/p>\n\n\n\n<h3 class=\"wp-block-heading\">Cancellation of a language immersion by the participant&nbsp;&nbsp;<\/h3>\n\n\n\n<ul class=\"wp-block-list\">\n<li>Prior to the registration deadline: registration and placement test fees are non-refundable.&nbsp;&nbsp;<\/li>\n\n\n\n<li>From the registration deadline until the day before the training begins: registration and placement test fees\u202f+ 30% of the total cost of training are non-refundable.&nbsp;&nbsp;No reimbursement will be granted out of those dates. <\/li>\n<\/ul>\n\n\n\n<h3 class=\"wp-block-heading\">Refunds for participation in a language immersion&nbsp;&nbsp;<\/h3>\n\n\n\n<ul class=\"wp-block-list\">\n<li>All requests must clearly state the reasons for cancellation and be emailed to&nbsp;<a href=\"mailto:languesnoncr@uqam.ca\">languesnoncr@uqam.ca<\/a>.&nbsp;<\/li>\n\n\n\n<li>The amount due will be reimbursed according to the original payment method.&nbsp;<\/li>\n<\/ul>\n\n\n\n<h3 class=\"wp-block-heading\">Exception to refunds&nbsp;<\/h3>\n\n\n\n<ul class=\"wp-block-list\">\n<li>In case of illness, please send written proof from the attending physician.&nbsp;<\/li>\n\n\n\n<li>Visa : If you do not obtain a visa in time for your language study stay, you may be entitled to a partial refund.\n<ul class=\"wp-block-list\">\n<li>Please provide the date of the visa application and\/or refusal. <\/li>\n\n\n\n<li>Refund: The registration fee and placement test are non-refundable. A refund of 70% will be made on the program fees, including teaching materials. <\/li>\n<\/ul>\n<\/li>\n<\/ul>\n\n\n\n<h2 class=\"wp-block-heading\">Certificate of participation&nbsp;&nbsp;<\/h2>\n\n\n\n<p>Each participant will receive a transcript specifying the program\u2019s general parameters.&nbsp;&nbsp;<\/p>\n","protected":false},"excerpt":{"rendered":"<p>Costs&nbsp; For reference, those taking part in a language immersion should expect the following costs:&nbsp;&nbsp;&nbsp; Applicable taxes&nbsp; *English and French courses are non-taxable.&nbsp;&nbsp; Discounts&nbsp;&nbsp; Methods of payment&nbsp; By credit card (Visa, Mastercard)&nbsp; Prices are in Canadian dollars. The currency conversion will be made on your credit card.&nbsp; Registration deadline Programs Registration deadline Explore Program (unsubsidized) [&hellip;]<\/p>\n","protected":false},"author":7,"featured_media":0,"parent":1307,"menu_order":0,"comment_status":"closed","ping_status":"closed","template":"","meta":{"_acf_changed":false,"footnotes":""},"categories":[],"class_list":["post-455","page","type-page","status-publish","hentry"],"acf":[],"yoast_head":"<!-- This site is optimized with the Yoast SEO plugin v27.4 - https:\/\/yoast.com\/product\/yoast-seo-wordpress\/ -->\n<title>Language immersion - Formations linguistiques non cr\u00e9dit\u00e9es - UQAM<\/title>\n<meta name=\"description\" content=\"Language immersion - costs : Course fee\u00a0($ to be confirmed + fees) Registration fee\u00a0\u00a0Placement test\u00a0Teaching materials\u202f\u00a0Applicable taxes\u00a0\" \/>\n<meta name=\"robots\" content=\"index, follow, max-snippet:-1, max-image-preview:large, max-video-preview:-1\" \/>\n<link rel=\"canonical\" href=\"https:\/\/langues-en-continu.uqam.ca\/en\/enrolment-procedures\/language-immersion\/\" \/>\n<meta property=\"og:locale\" content=\"en_US\" \/>\n<meta property=\"og:type\" content=\"article\" \/>\n<meta property=\"og:title\" content=\"Language immersion - Formations linguistiques non cr\u00e9dit\u00e9es - UQAM\" \/>\n<meta property=\"og:description\" content=\"Language immersion - costs : Course fee\u00a0($ to be confirmed + fees) Registration fee\u00a0\u00a0Placement test\u00a0Teaching materials\u202f\u00a0Applicable taxes\u00a0\" \/>\n<meta property=\"og:url\" content=\"https:\/\/langues-en-continu.uqam.ca\/en\/enrolment-procedures\/language-immersion\/\" \/>\n<meta property=\"og:site_name\" content=\"Formations linguistiques non cr\u00e9dit\u00e9es\" \/>\n<meta property=\"article:publisher\" content=\"https:\/\/www.facebook.com\/formationslinguistiquesnoncr\" \/>\n<meta property=\"article:modified_time\" content=\"2025-09-16T13:23:41+00:00\" \/>\n<meta name=\"twitter:card\" content=\"summary_large_image\" \/>\n<meta name=\"twitter:label1\" content=\"Est. reading time\" \/>\n\t<meta name=\"twitter:data1\" content=\"3 minutes\" \/>\n<script type=\"application\/ld+json\" class=\"yoast-schema-graph\">{\"@context\":\"https:\\\/\\\/schema.org\",\"@graph\":[{\"@type\":\"WebPage\",\"@id\":\"https:\\\/\\\/langues-en-continu.uqam.ca\\\/en\\\/enrolment-procedures\\\/language-immersion\\\/\",\"url\":\"https:\\\/\\\/langues-en-continu.uqam.ca\\\/en\\\/enrolment-procedures\\\/language-immersion\\\/\",\"name\":\"Language immersion - Formations linguistiques non cr\u00e9dit\u00e9es - UQAM\",\"isPartOf\":{\"@id\":\"https:\\\/\\\/langues-en-continu.uqam.ca\\\/#website\"},\"datePublished\":\"2021-03-15T19:15:00+00:00\",\"dateModified\":\"2025-09-16T13:23:41+00:00\",\"description\":\"Language immersion - costs : Course fee\u00a0($ to be confirmed + fees) Registration fee\u00a0\u00a0Placement test\u00a0Teaching materials\u202f\u00a0Applicable taxes\u00a0\",\"breadcrumb\":{\"@id\":\"https:\\\/\\\/langues-en-continu.uqam.ca\\\/en\\\/enrolment-procedures\\\/language-immersion\\\/#breadcrumb\"},\"inLanguage\":\"en-CA\",\"potentialAction\":[{\"@type\":\"ReadAction\",\"target\":[\"https:\\\/\\\/langues-en-continu.uqam.ca\\\/en\\\/enrolment-procedures\\\/language-immersion\\\/\"]}]},{\"@type\":\"BreadcrumbList\",\"@id\":\"https:\\\/\\\/langues-en-continu.uqam.ca\\\/en\\\/enrolment-procedures\\\/language-immersion\\\/#breadcrumb\",\"itemListElement\":[{\"@type\":\"ListItem\",\"position\":1,\"name\":\"UQAM\",\"item\":\"https:\\\/\\\/uqam.ca\"},{\"@type\":\"ListItem\",\"position\":2,\"name\":\"Formations linguistiques non cr\u00e9dit\u00e9es\",\"item\":\"https:\\\/\\\/langues-en-continu.uqam.ca\\\/en\\\/\"},{\"@type\":\"ListItem\",\"position\":3,\"name\":\"Enrolment procedures\",\"item\":\"https:\\\/\\\/langues-en-continu.uqam.ca\\\/en\\\/enrolment-procedures\\\/\"},{\"@type\":\"ListItem\",\"position\":4,\"name\":\"Language immersion\"}]},{\"@type\":\"WebSite\",\"@id\":\"https:\\\/\\\/langues-en-continu.uqam.ca\\\/#website\",\"url\":\"https:\\\/\\\/langues-en-continu.uqam.ca\\\/\",\"name\":\"Formations linguistiques non cr\u00e9dit\u00e9es\",\"description\":\"Formations linguistiques non cr\u00e9dit\u00e9es\",\"publisher\":{\"@id\":\"https:\\\/\\\/langues-en-continu.uqam.ca\\\/#organization\"},\"potentialAction\":[{\"@type\":\"SearchAction\",\"target\":{\"@type\":\"EntryPoint\",\"urlTemplate\":\"https:\\\/\\\/langues-en-continu.uqam.ca\\\/en\\\/\\\/recherche\\\/?q={search_term_string}\"},\"query-input\":{\"@type\":\"PropertyValueSpecification\",\"valueRequired\":true,\"valueName\":\"search_term_string\"}}],\"inLanguage\":\"en-CA\"},{\"@type\":\"Organization\",\"@id\":\"https:\\\/\\\/langues-en-continu.uqam.ca\\\/#organization\",\"name\":\"Langues en continu\",\"url\":\"https:\\\/\\\/langues-en-continu.uqam.ca\\\/\",\"logo\":{\"@type\":\"ImageObject\",\"inLanguage\":\"en-CA\",\"@id\":\"https:\\\/\\\/langues-en-continu.uqam.ca\\\/#\\\/schema\\\/logo\\\/image\\\/\",\"url\":\"https:\\\/\\\/gabarit-adaptatif.uqam.ca\\\/statique\\\/images\\\/logo-uqam.jpg\",\"contentUrl\":\"\",\"caption\":\"Langues en continu\"},\"image\":{\"@id\":\"https:\\\/\\\/langues-en-continu.uqam.ca\\\/#\\\/schema\\\/logo\\\/image\\\/\"},\"sameAs\":[\"https:\\\/\\\/www.facebook.com\\\/formationslinguistiquesnoncr\",\"https:\\\/\\\/www.instagram.com\\\/uqam_flnc\\\/?hl=fr\",\"https:\\\/\\\/www.linkedin.com\\\/company\\\/formations-linguistiques-non-cr\u00e9dit\u00e9es-uqam\\\/?viewAsMember=true\",\"https:\\\/\\\/www.youtube.com\\\/channel\\\/UCuOyS0Cg_x0w4RW4l29z4tw\"],\"parentOrganization\":{\"@type\":\"EducationalOrganization\",\"@id\":\"https:\\\/\\\/uqam.ca\\\/#organization\",\"name\":\"Universit\u00e9 du Qu\u00e9bec \u00e0 Montr\u00e9al\",\"url\":\"https:\\\/\\\/uqam.ca\",\"alternateName\":\"UQAM\",\"logo\":\"https:\\\/\\\/gabarit-adaptatif.uqam.ca\\\/statique\\\/images\\\/logo-uqam.jpg\"}}]}<\/script>\n<!-- \/ Yoast SEO plugin. -->","yoast_head_json":{"title":"Language immersion - Formations linguistiques non cr\u00e9dit\u00e9es - UQAM","description":"Language immersion - costs : Course fee\u00a0($ to be confirmed + fees) Registration fee\u00a0\u00a0Placement test\u00a0Teaching materials\u202f\u00a0Applicable taxes\u00a0","robots":{"index":"index","follow":"follow","max-snippet":"max-snippet:-1","max-image-preview":"max-image-preview:large","max-video-preview":"max-video-preview:-1"},"canonical":"https:\/\/langues-en-continu.uqam.ca\/en\/enrolment-procedures\/language-immersion\/","og_locale":"en_US","og_type":"article","og_title":"Language immersion - Formations linguistiques non cr\u00e9dit\u00e9es - UQAM","og_description":"Language immersion - costs : Course fee\u00a0($ to be confirmed + fees) Registration fee\u00a0\u00a0Placement test\u00a0Teaching materials\u202f\u00a0Applicable taxes\u00a0","og_url":"https:\/\/langues-en-continu.uqam.ca\/en\/enrolment-procedures\/language-immersion\/","og_site_name":"Formations linguistiques non cr\u00e9dit\u00e9es","article_publisher":"https:\/\/www.facebook.com\/formationslinguistiquesnoncr","article_modified_time":"2025-09-16T13:23:41+00:00","twitter_card":"summary_large_image","twitter_misc":{"Est. reading time":"3 minutes"},"schema":{"@context":"https:\/\/schema.org","@graph":[{"@type":"WebPage","@id":"https:\/\/langues-en-continu.uqam.ca\/en\/enrolment-procedures\/language-immersion\/","url":"https:\/\/langues-en-continu.uqam.ca\/en\/enrolment-procedures\/language-immersion\/","name":"Language immersion - Formations linguistiques non cr\u00e9dit\u00e9es - UQAM","isPartOf":{"@id":"https:\/\/langues-en-continu.uqam.ca\/#website"},"datePublished":"2021-03-15T19:15:00+00:00","dateModified":"2025-09-16T13:23:41+00:00","description":"Language immersion - costs : Course fee\u00a0($ to be confirmed + fees) Registration fee\u00a0\u00a0Placement test\u00a0Teaching materials\u202f\u00a0Applicable taxes\u00a0","breadcrumb":{"@id":"https:\/\/langues-en-continu.uqam.ca\/en\/enrolment-procedures\/language-immersion\/#breadcrumb"},"inLanguage":"en-CA","potentialAction":[{"@type":"ReadAction","target":["https:\/\/langues-en-continu.uqam.ca\/en\/enrolment-procedures\/language-immersion\/"]}]},{"@type":"BreadcrumbList","@id":"https:\/\/langues-en-continu.uqam.ca\/en\/enrolment-procedures\/language-immersion\/#breadcrumb","itemListElement":[{"@type":"ListItem","position":1,"name":"UQAM","item":"https:\/\/uqam.ca"},{"@type":"ListItem","position":2,"name":"Formations linguistiques non cr\u00e9dit\u00e9es","item":"https:\/\/langues-en-continu.uqam.ca\/en\/"},{"@type":"ListItem","position":3,"name":"Enrolment procedures","item":"https:\/\/langues-en-continu.uqam.ca\/en\/enrolment-procedures\/"},{"@type":"ListItem","position":4,"name":"Language immersion"}]},{"@type":"WebSite","@id":"https:\/\/langues-en-continu.uqam.ca\/#website","url":"https:\/\/langues-en-continu.uqam.ca\/","name":"Formations linguistiques non cr\u00e9dit\u00e9es","description":"Formations linguistiques non cr\u00e9dit\u00e9es","publisher":{"@id":"https:\/\/langues-en-continu.uqam.ca\/#organization"},"potentialAction":[{"@type":"SearchAction","target":{"@type":"EntryPoint","urlTemplate":"https:\/\/langues-en-continu.uqam.ca\/en\/\/recherche\/?q={search_term_string}"},"query-input":{"@type":"PropertyValueSpecification","valueRequired":true,"valueName":"search_term_string"}}],"inLanguage":"en-CA"},{"@type":"Organization","@id":"https:\/\/langues-en-continu.uqam.ca\/#organization","name":"Langues en continu","url":"https:\/\/langues-en-continu.uqam.ca\/","logo":{"@type":"ImageObject","inLanguage":"en-CA","@id":"https:\/\/langues-en-continu.uqam.ca\/#\/schema\/logo\/image\/","url":"https:\/\/gabarit-adaptatif.uqam.ca\/statique\/images\/logo-uqam.jpg","contentUrl":"","caption":"Langues en continu"},"image":{"@id":"https:\/\/langues-en-continu.uqam.ca\/#\/schema\/logo\/image\/"},"sameAs":["https:\/\/www.facebook.com\/formationslinguistiquesnoncr","https:\/\/www.instagram.com\/uqam_flnc\/?hl=fr","https:\/\/www.linkedin.com\/company\/formations-linguistiques-non-cr\u00e9dit\u00e9es-uqam\/?viewAsMember=true","https:\/\/www.youtube.com\/channel\/UCuOyS0Cg_x0w4RW4l29z4tw"],"parentOrganization":{"@type":"EducationalOrganization","@id":"https:\/\/uqam.ca\/#organization","name":"Universit\u00e9 du Qu\u00e9bec \u00e0 Montr\u00e9al","url":"https:\/\/uqam.ca","alternateName":"UQAM","logo":"https:\/\/gabarit-adaptatif.uqam.ca\/statique\/images\/logo-uqam.jpg"}}]}},"_links":{"self":[{"href":"https:\/\/langues-en-continu.uqam.ca\/en\/wp-json\/wp\/v2\/pages\/455","targetHints":{"allow":["GET"]}}],"collection":[{"href":"https:\/\/langues-en-continu.uqam.ca\/en\/wp-json\/wp\/v2\/pages"}],"about":[{"href":"https:\/\/langues-en-continu.uqam.ca\/en\/wp-json\/wp\/v2\/types\/page"}],"author":[{"embeddable":true,"href":"https:\/\/langues-en-continu.uqam.ca\/en\/wp-json\/wp\/v2\/users\/7"}],"replies":[{"embeddable":true,"href":"https:\/\/langues-en-continu.uqam.ca\/en\/wp-json\/wp\/v2\/comments?post=455"}],"version-history":[{"count":27,"href":"https:\/\/langues-en-continu.uqam.ca\/en\/wp-json\/wp\/v2\/pages\/455\/revisions"}],"predecessor-version":[{"id":4783,"href":"https:\/\/langues-en-continu.uqam.ca\/en\/wp-json\/wp\/v2\/pages\/455\/revisions\/4783"}],"up":[{"embeddable":true,"href":"https:\/\/langues-en-continu.uqam.ca\/en\/wp-json\/wp\/v2\/pages\/1307"}],"wp:attachment":[{"href":"https:\/\/langues-en-continu.uqam.ca\/en\/wp-json\/wp\/v2\/media?parent=455"}],"wp:term":[{"taxonomy":"category","embeddable":true,"href":"https:\/\/langues-en-continu.uqam.ca\/en\/wp-json\/wp\/v2\/categories?post=455"}],"curies":[{"name":"wp","href":"https:\/\/api.w.org\/{rel}","templated":true}]}}