{"id":451,"date":"2021-03-15T15:12:27","date_gmt":"2021-03-15T19:12:27","guid":{"rendered":"https:\/\/langues-en-continu.uqam.ca\/?page_id=451"},"modified":"2023-02-13T10:23:40","modified_gmt":"2023-02-13T15:23:40","slug":"learn-a-language","status":"publish","type":"page","link":"https:\/\/langues-en-continu.uqam.ca\/en\/enrolment-procedures\/learn-a-language\/","title":{"rendered":"Learn a language"},"content":{"rendered":"\n<h2 class=\"wp-block-heading\">Costs&nbsp;<\/h2>\n\n\n\n<p>For reference, those taking part in a public training course should expect the following costs:&nbsp;&nbsp;&nbsp;<\/p>\n\n\n\n<ul class=\"wp-block-list\">\n<li>Course fee\u00a0($320 + fees)<\/li>\n\n\n\n<li>Registration fee&nbsp;&nbsp;<\/li>\n\n\n\n<li>Placement test&nbsp;<\/li>\n\n\n\n<li>Teaching materials\u202f&nbsp;<\/li>\n\n\n\n<li>Applicable taxes&nbsp;<\/li>\n<\/ul>\n\n\n\n<h3 class=\"wp-block-heading\">Applicable taxes&nbsp;<\/h3>\n\n\n\n<ul class=\"wp-block-list\">\n<li>Registration fee \u2013 GST and QST&nbsp;<\/li>\n\n\n\n<li>Educational materials \u2013 GST&nbsp;&nbsp;(Only for Spanish courses)<\/li>\n\n\n\n<li>Spanish class&nbsp;\u2013 GST and QST&nbsp;<\/li>\n<\/ul>\n\n\n\n<p>English and French courses are non-taxable.&nbsp;&nbsp;<\/p>\n\n\n\n<h3 class=\"wp-block-heading\">Discounts&nbsp;&nbsp;<\/h3>\n\n\n\n<ul class=\"wp-block-list\">\n<li>5% applicable if two (2) programs are on the same registration&nbsp;form&nbsp;<\/li>\n\n\n\n<li>15% for UQAM students, graduates,&nbsp;employees&nbsp;and retirees upon presentation of supporting documentation.&nbsp;<\/li>\n<\/ul>\n\n\n\n<h3 class=\"wp-block-heading\">Methods of payment&nbsp;<\/h3>\n\n\n\n<p>By credit card (Visa, Mastercard)&nbsp;<\/p>\n\n\n\n<p>Prices are in Canadian dollars. The currency conversion will be made on your credit card.&nbsp;<\/p>\n\n\n\n<h2 class=\"wp-block-heading\">Cancellation and refund policy&nbsp;&nbsp;<\/h2>\n\n\n\n<h3 class=\"wp-block-heading\">Cancellation of a public training course by the Non-Credit Language Courses office&nbsp;<\/h3>\n\n\n\n<p>The Non-Credit Language Courses office reserves the right to cancel any public training course without notice if there is an insufficient number of participants.&nbsp;<strong>This is the only case in which all costs will be refunded.<\/strong>&nbsp;<\/p>\n\n\n\n<h3 class=\"wp-block-heading\">Cancellation of a language&nbsp;course&nbsp;by the participant&nbsp;<\/h3>\n\n\n\n<ul class=\"wp-block-list\">\n<li>Prior to the registration deadline: registration and placement test fees are non-refundable.&nbsp;&nbsp;<\/li>\n\n\n\n<li>From the registration deadline until the day before the training begins: registration and placement test fees\u202f+ 30% of the total cost of training are non-refundable.&nbsp;No reimbursement will be granted out of those dates. &nbsp;<\/li>\n<\/ul>\n\n\n\n<h3 class=\"wp-block-heading\">Exceptional measures for a refund<\/h3>\n\n\n\n<ul class=\"wp-block-list\">\n<li>Training fees are refunded if the level of language proficiency required for a given course is not met. This level of language proficiency is determined by a placement test, if applicable, scheduled prior to the start of the course.<\/li>\n\n\n\n<li>In case of illness: please send written proof from the attending physician by e-mail to the following address: languesnoncr@uqam.ca.<\/li>\n<\/ul>\n\n\n\n<h3 class=\"wp-block-heading\">Change in course or level <\/h3>\n\n\n\n<ul class=\"wp-block-list\">\n<li>Any request for a change in course or level must be communicated and clearly justified to the language instructor during the first class.&nbsp; <\/li>\n\n\n\n<li>If the request is accepted by the management, the change will be effective at the second course.&nbsp; <\/li>\n\n\n\n<li>No change in course or level will be granted thereafter.&nbsp; <\/li>\n<\/ul>\n\n\n\n<h3 class=\"wp-block-heading\">Tax receipt<\/h3>\n\n\n\n<p>The tax receipt is issued at the end of February following the year of the training. For example, if you took a course in 2020, the tax receipt will be issued in February 2021.<\/p>\n\n\n\n<h3 class=\"wp-block-heading\">Certificate of participation&nbsp;&nbsp;<\/h3>\n\n\n\n<p>Each participant will receive a transcript specifying the program\u2019s general parameters.&nbsp;&nbsp;<\/p>\n\n\n\n<h3 class=\"wp-block-heading\">The Act to promote workforce skills development and recognition<\/h3>\n\n\n\n<p>UQAM\u2019s Non-Credit Language Courses are a recognized body by the Commission des partenaires du march\u00e9 du travail (CPMT). The amounts invested in &nbsp;the training activities are eligible under the law commonly known as the Skills Act.&nbsp; (le nom de la loi doit \u00eatre soulign\u00e9)<\/p>\n","protected":false},"excerpt":{"rendered":"<p>Costs&nbsp; For reference, those taking part in a public training course should expect the following costs:&nbsp;&nbsp;&nbsp; Applicable taxes&nbsp; English and French courses are non-taxable.&nbsp;&nbsp; Discounts&nbsp;&nbsp; Methods of payment&nbsp; By credit card (Visa, Mastercard)&nbsp; Prices are in Canadian dollars. The currency conversion will be made on your credit card.&nbsp; Cancellation and refund policy&nbsp;&nbsp; Cancellation of a [&hellip;]<\/p>\n","protected":false},"author":7,"featured_media":0,"parent":1307,"menu_order":0,"comment_status":"closed","ping_status":"closed","template":"","meta":{"_acf_changed":false,"footnotes":""},"categories":[],"class_list":["post-451","page","type-page","status-publish","hentry"],"acf":[],"yoast_head":"<!-- This site is optimized with the Yoast SEO plugin v27.5 - https:\/\/yoast.com\/product\/yoast-seo-wordpress\/ -->\n<title>Learn a language - Formations linguistiques non cr\u00e9dit\u00e9es - UQAM<\/title>\n<meta name=\"description\" content=\"Learn more about registration and cancellation policies for public training courses.\" \/>\n<meta name=\"robots\" content=\"index, follow, max-snippet:-1, max-image-preview:large, max-video-preview:-1\" \/>\n<link rel=\"canonical\" href=\"https:\/\/langues-en-continu.uqam.ca\/en\/enrolment-procedures\/learn-a-language\/\" \/>\n<meta property=\"og:locale\" content=\"en_US\" \/>\n<meta property=\"og:type\" content=\"article\" \/>\n<meta property=\"og:title\" content=\"Learn a language - Formations linguistiques non cr\u00e9dit\u00e9es - UQAM\" \/>\n<meta property=\"og:description\" content=\"Learn more about registration and cancellation policies for public training courses.\" \/>\n<meta property=\"og:url\" content=\"https:\/\/langues-en-continu.uqam.ca\/en\/enrolment-procedures\/learn-a-language\/\" \/>\n<meta property=\"og:site_name\" content=\"Formations linguistiques non cr\u00e9dit\u00e9es\" \/>\n<meta property=\"article:publisher\" content=\"https:\/\/www.facebook.com\/formationslinguistiquesnoncr\" \/>\n<meta property=\"article:modified_time\" content=\"2023-02-13T15:23:40+00:00\" \/>\n<meta name=\"twitter:card\" content=\"summary_large_image\" \/>\n<meta name=\"twitter:label1\" content=\"Est. reading time\" \/>\n\t<meta name=\"twitter:data1\" content=\"3 minutes\" \/>\n<script type=\"application\/ld+json\" class=\"yoast-schema-graph\">{\"@context\":\"https:\\\/\\\/schema.org\",\"@graph\":[{\"@type\":\"WebPage\",\"@id\":\"https:\\\/\\\/langues-en-continu.uqam.ca\\\/en\\\/enrolment-procedures\\\/learn-a-language\\\/\",\"url\":\"https:\\\/\\\/langues-en-continu.uqam.ca\\\/en\\\/enrolment-procedures\\\/learn-a-language\\\/\",\"name\":\"Learn a language - Formations linguistiques non cr\u00e9dit\u00e9es - UQAM\",\"isPartOf\":{\"@id\":\"https:\\\/\\\/langues-en-continu.uqam.ca\\\/#website\"},\"datePublished\":\"2021-03-15T19:12:27+00:00\",\"dateModified\":\"2023-02-13T15:23:40+00:00\",\"description\":\"Learn more about registration and cancellation policies for public training courses.\",\"breadcrumb\":{\"@id\":\"https:\\\/\\\/langues-en-continu.uqam.ca\\\/en\\\/enrolment-procedures\\\/learn-a-language\\\/#breadcrumb\"},\"inLanguage\":\"en-CA\",\"potentialAction\":[{\"@type\":\"ReadAction\",\"target\":[\"https:\\\/\\\/langues-en-continu.uqam.ca\\\/en\\\/enrolment-procedures\\\/learn-a-language\\\/\"]}]},{\"@type\":\"BreadcrumbList\",\"@id\":\"https:\\\/\\\/langues-en-continu.uqam.ca\\\/en\\\/enrolment-procedures\\\/learn-a-language\\\/#breadcrumb\",\"itemListElement\":[{\"@type\":\"ListItem\",\"position\":1,\"name\":\"UQAM\",\"item\":\"https:\\\/\\\/uqam.ca\"},{\"@type\":\"ListItem\",\"position\":2,\"name\":\"Formations linguistiques non cr\u00e9dit\u00e9es\",\"item\":\"https:\\\/\\\/langues-en-continu.uqam.ca\\\/en\\\/\"},{\"@type\":\"ListItem\",\"position\":3,\"name\":\"Enrolment procedures\",\"item\":\"https:\\\/\\\/langues-en-continu.uqam.ca\\\/en\\\/enrolment-procedures\\\/\"},{\"@type\":\"ListItem\",\"position\":4,\"name\":\"Learn a language\"}]},{\"@type\":\"WebSite\",\"@id\":\"https:\\\/\\\/langues-en-continu.uqam.ca\\\/#website\",\"url\":\"https:\\\/\\\/langues-en-continu.uqam.ca\\\/\",\"name\":\"Formations linguistiques non cr\u00e9dit\u00e9es\",\"description\":\"Formations linguistiques non cr\u00e9dit\u00e9es\",\"publisher\":{\"@id\":\"https:\\\/\\\/langues-en-continu.uqam.ca\\\/#organization\"},\"potentialAction\":[{\"@type\":\"SearchAction\",\"target\":{\"@type\":\"EntryPoint\",\"urlTemplate\":\"https:\\\/\\\/langues-en-continu.uqam.ca\\\/en\\\/\\\/recherche\\\/?q={search_term_string}\"},\"query-input\":{\"@type\":\"PropertyValueSpecification\",\"valueRequired\":true,\"valueName\":\"search_term_string\"}}],\"inLanguage\":\"en-CA\"},{\"@type\":\"Organization\",\"@id\":\"https:\\\/\\\/langues-en-continu.uqam.ca\\\/#organization\",\"name\":\"Langues en continu\",\"url\":\"https:\\\/\\\/langues-en-continu.uqam.ca\\\/\",\"logo\":{\"@type\":\"ImageObject\",\"inLanguage\":\"en-CA\",\"@id\":\"https:\\\/\\\/langues-en-continu.uqam.ca\\\/#\\\/schema\\\/logo\\\/image\\\/\",\"url\":\"https:\\\/\\\/gabarit-adaptatif.uqam.ca\\\/statique\\\/images\\\/logo-uqam.jpg\",\"contentUrl\":\"\",\"caption\":\"Langues en continu\"},\"image\":{\"@id\":\"https:\\\/\\\/langues-en-continu.uqam.ca\\\/#\\\/schema\\\/logo\\\/image\\\/\"},\"sameAs\":[\"https:\\\/\\\/www.facebook.com\\\/formationslinguistiquesnoncr\",\"https:\\\/\\\/www.instagram.com\\\/uqam_flnc\\\/?hl=fr\",\"https:\\\/\\\/www.linkedin.com\\\/company\\\/formations-linguistiques-non-cr\u00e9dit\u00e9es-uqam\\\/?viewAsMember=true\",\"https:\\\/\\\/www.youtube.com\\\/channel\\\/UCuOyS0Cg_x0w4RW4l29z4tw\"],\"parentOrganization\":{\"@type\":\"EducationalOrganization\",\"@id\":\"https:\\\/\\\/uqam.ca\\\/#organization\",\"name\":\"Universit\u00e9 du Qu\u00e9bec \u00e0 Montr\u00e9al\",\"url\":\"https:\\\/\\\/uqam.ca\",\"alternateName\":\"UQAM\",\"logo\":\"https:\\\/\\\/gabarit-adaptatif.uqam.ca\\\/statique\\\/images\\\/logo-uqam.jpg\"}}]}<\/script>\n<!-- \/ Yoast SEO plugin. -->","yoast_head_json":{"title":"Learn a language - Formations linguistiques non cr\u00e9dit\u00e9es - UQAM","description":"Learn more about registration and cancellation policies for public training courses.","robots":{"index":"index","follow":"follow","max-snippet":"max-snippet:-1","max-image-preview":"max-image-preview:large","max-video-preview":"max-video-preview:-1"},"canonical":"https:\/\/langues-en-continu.uqam.ca\/en\/enrolment-procedures\/learn-a-language\/","og_locale":"en_US","og_type":"article","og_title":"Learn a language - Formations linguistiques non cr\u00e9dit\u00e9es - UQAM","og_description":"Learn more about registration and cancellation policies for public training courses.","og_url":"https:\/\/langues-en-continu.uqam.ca\/en\/enrolment-procedures\/learn-a-language\/","og_site_name":"Formations linguistiques non cr\u00e9dit\u00e9es","article_publisher":"https:\/\/www.facebook.com\/formationslinguistiquesnoncr","article_modified_time":"2023-02-13T15:23:40+00:00","twitter_card":"summary_large_image","twitter_misc":{"Est. reading time":"3 minutes"},"schema":{"@context":"https:\/\/schema.org","@graph":[{"@type":"WebPage","@id":"https:\/\/langues-en-continu.uqam.ca\/en\/enrolment-procedures\/learn-a-language\/","url":"https:\/\/langues-en-continu.uqam.ca\/en\/enrolment-procedures\/learn-a-language\/","name":"Learn a language - Formations linguistiques non cr\u00e9dit\u00e9es - UQAM","isPartOf":{"@id":"https:\/\/langues-en-continu.uqam.ca\/#website"},"datePublished":"2021-03-15T19:12:27+00:00","dateModified":"2023-02-13T15:23:40+00:00","description":"Learn more about registration and cancellation policies for public training courses.","breadcrumb":{"@id":"https:\/\/langues-en-continu.uqam.ca\/en\/enrolment-procedures\/learn-a-language\/#breadcrumb"},"inLanguage":"en-CA","potentialAction":[{"@type":"ReadAction","target":["https:\/\/langues-en-continu.uqam.ca\/en\/enrolment-procedures\/learn-a-language\/"]}]},{"@type":"BreadcrumbList","@id":"https:\/\/langues-en-continu.uqam.ca\/en\/enrolment-procedures\/learn-a-language\/#breadcrumb","itemListElement":[{"@type":"ListItem","position":1,"name":"UQAM","item":"https:\/\/uqam.ca"},{"@type":"ListItem","position":2,"name":"Formations linguistiques non cr\u00e9dit\u00e9es","item":"https:\/\/langues-en-continu.uqam.ca\/en\/"},{"@type":"ListItem","position":3,"name":"Enrolment procedures","item":"https:\/\/langues-en-continu.uqam.ca\/en\/enrolment-procedures\/"},{"@type":"ListItem","position":4,"name":"Learn a language"}]},{"@type":"WebSite","@id":"https:\/\/langues-en-continu.uqam.ca\/#website","url":"https:\/\/langues-en-continu.uqam.ca\/","name":"Formations linguistiques non cr\u00e9dit\u00e9es","description":"Formations linguistiques non cr\u00e9dit\u00e9es","publisher":{"@id":"https:\/\/langues-en-continu.uqam.ca\/#organization"},"potentialAction":[{"@type":"SearchAction","target":{"@type":"EntryPoint","urlTemplate":"https:\/\/langues-en-continu.uqam.ca\/en\/\/recherche\/?q={search_term_string}"},"query-input":{"@type":"PropertyValueSpecification","valueRequired":true,"valueName":"search_term_string"}}],"inLanguage":"en-CA"},{"@type":"Organization","@id":"https:\/\/langues-en-continu.uqam.ca\/#organization","name":"Langues en continu","url":"https:\/\/langues-en-continu.uqam.ca\/","logo":{"@type":"ImageObject","inLanguage":"en-CA","@id":"https:\/\/langues-en-continu.uqam.ca\/#\/schema\/logo\/image\/","url":"https:\/\/gabarit-adaptatif.uqam.ca\/statique\/images\/logo-uqam.jpg","contentUrl":"","caption":"Langues en continu"},"image":{"@id":"https:\/\/langues-en-continu.uqam.ca\/#\/schema\/logo\/image\/"},"sameAs":["https:\/\/www.facebook.com\/formationslinguistiquesnoncr","https:\/\/www.instagram.com\/uqam_flnc\/?hl=fr","https:\/\/www.linkedin.com\/company\/formations-linguistiques-non-cr\u00e9dit\u00e9es-uqam\/?viewAsMember=true","https:\/\/www.youtube.com\/channel\/UCuOyS0Cg_x0w4RW4l29z4tw"],"parentOrganization":{"@type":"EducationalOrganization","@id":"https:\/\/uqam.ca\/#organization","name":"Universit\u00e9 du Qu\u00e9bec \u00e0 Montr\u00e9al","url":"https:\/\/uqam.ca","alternateName":"UQAM","logo":"https:\/\/gabarit-adaptatif.uqam.ca\/statique\/images\/logo-uqam.jpg"}}]}},"_links":{"self":[{"href":"https:\/\/langues-en-continu.uqam.ca\/en\/wp-json\/wp\/v2\/pages\/451","targetHints":{"allow":["GET"]}}],"collection":[{"href":"https:\/\/langues-en-continu.uqam.ca\/en\/wp-json\/wp\/v2\/pages"}],"about":[{"href":"https:\/\/langues-en-continu.uqam.ca\/en\/wp-json\/wp\/v2\/types\/page"}],"author":[{"embeddable":true,"href":"https:\/\/langues-en-continu.uqam.ca\/en\/wp-json\/wp\/v2\/users\/7"}],"replies":[{"embeddable":true,"href":"https:\/\/langues-en-continu.uqam.ca\/en\/wp-json\/wp\/v2\/comments?post=451"}],"version-history":[{"count":14,"href":"https:\/\/langues-en-continu.uqam.ca\/en\/wp-json\/wp\/v2\/pages\/451\/revisions"}],"predecessor-version":[{"id":2319,"href":"https:\/\/langues-en-continu.uqam.ca\/en\/wp-json\/wp\/v2\/pages\/451\/revisions\/2319"}],"up":[{"embeddable":true,"href":"https:\/\/langues-en-continu.uqam.ca\/en\/wp-json\/wp\/v2\/pages\/1307"}],"wp:attachment":[{"href":"https:\/\/langues-en-continu.uqam.ca\/en\/wp-json\/wp\/v2\/media?parent=451"}],"wp:term":[{"taxonomy":"category","embeddable":true,"href":"https:\/\/langues-en-continu.uqam.ca\/en\/wp-json\/wp\/v2\/categories?post=451"}],"curies":[{"name":"wp","href":"https:\/\/api.w.org\/{rel}","templated":true}]}}