{"id":448,"date":"2021-03-15T15:07:35","date_gmt":"2021-03-15T19:07:35","guid":{"rendered":"https:\/\/langues-en-continu.uqam.ca\/?page_id=448"},"modified":"2024-08-20T14:34:55","modified_gmt":"2024-08-20T18:34:55","slug":"trainers","status":"publish","type":"page","link":"https:\/\/langues-en-continu.uqam.ca\/en\/trainers\/","title":{"rendered":"Teachers"},"content":{"rendered":"\n<h2 class=\"wp-block-heading\">Expertise&nbsp;<\/h2>\n\n\n\n<p>All Non-Credit Language Course (NCLC) teachers are university-trained and qualified to teach a first and\/or foreign language.&nbsp;&nbsp;<\/p>\n\n\n\n<p>They have&nbsp;extensive experience teaching adults in professional settings and are happy to offer a variety of teaching approaches.&nbsp;<\/p>\n\n\n\n<h2 class=\"wp-block-heading\">Working in Non-Credit Language Courses&nbsp;<\/h2>\n\n\n\n<p>Types\u00a0of teaching<\/p>\n\n\n\n<ul class=\"wp-block-list\">\n<li>Public\u00a0<\/li>\n\n\n\n<li>Customized\u00a0<\/li>\n<\/ul>\n\n\n\n<p>Languages&nbsp;taught&nbsp;<\/p>\n\n\n\n<ul class=\"wp-block-list\">\n<li>French\u00a0<\/li>\n\n\n\n<li>French as a foreign language\u00a0<\/li>\n\n\n\n<li>English\u00a0\u00a0<\/li>\n\n\n\n<li>Spanish\u00a0<\/li>\n<\/ul>\n\n\n\n<h2 class=\"wp-block-heading\">Preferred Educational\u00a0Approach\u00a0<\/h2>\n\n\n\n<p>NCLC favour a participatory teaching style.&nbsp;&nbsp;&nbsp;<\/p>\n\n\n\n<p>For instance, in several of the courses offered, trainers use simulated and practical exercises, including:&nbsp;&nbsp;&nbsp;<\/p>\n\n\n\n<ul class=\"wp-block-list\">\n<li>Role playing\u00a0<\/li>\n\n\n\n<li>Targeted debates\u00a0<\/li>\n\n\n\n<li>Mock meetings\u00a0<\/li>\n\n\n\n<li>Presentations of reports and various projects\u00a0<\/li>\n<\/ul>\n\n\n\n<h2 class=\"wp-block-heading\">Join our Team of\u00a0Teachers<\/h2>\n\n\n\n<p>We invite all graduates to email their CV and a cover letter to the Non-Credit Language Courses office.&nbsp;&nbsp;<\/p>\n\n\n\n<p>In accordance with requirements, the management team will contact all candidates selected for an initial interview.&nbsp;&nbsp;<\/p>\n\n\n\n<p>Placements will be awarded in the form of teaching contracts.&nbsp;&nbsp;<\/p>\n\n\n\n<p><\/p>\n","protected":false},"excerpt":{"rendered":"<p>Expertise&nbsp; All Non-Credit Language Course (NCLC) teachers are university-trained and qualified to teach a first and\/or foreign language.&nbsp;&nbsp; They have&nbsp;extensive experience teaching adults in professional settings and are happy to offer a variety of teaching approaches.&nbsp; Working in Non-Credit Language Courses&nbsp; Types\u00a0of teaching Languages&nbsp;taught&nbsp; Preferred Educational\u00a0Approach\u00a0 NCLC favour a participatory teaching style.&nbsp;&nbsp;&nbsp; For instance, in [&hellip;]<\/p>\n","protected":false},"author":7,"featured_media":0,"parent":0,"menu_order":0,"comment_status":"closed","ping_status":"closed","template":"","meta":{"_acf_changed":false,"footnotes":""},"categories":[],"class_list":["post-448","page","type-page","status-publish","hentry"],"acf":[],"yoast_head":"<!-- This site is optimized with the Yoast SEO plugin v27.4 - https:\/\/yoast.com\/product\/yoast-seo-wordpress\/ -->\n<title>Teachers - Formations linguistiques non cr\u00e9dit\u00e9es - UQAM<\/title>\n<meta name=\"description\" content=\"The team of trainers is made up of people with degrees in teaching a first or foreign language.\" \/>\n<meta name=\"robots\" content=\"index, follow, max-snippet:-1, max-image-preview:large, max-video-preview:-1\" \/>\n<link rel=\"canonical\" href=\"https:\/\/langues-en-continu.uqam.ca\/en\/trainers\/\" \/>\n<meta property=\"og:locale\" content=\"en_US\" \/>\n<meta property=\"og:type\" content=\"article\" \/>\n<meta property=\"og:title\" content=\"Teachers - Formations linguistiques non cr\u00e9dit\u00e9es - UQAM\" \/>\n<meta property=\"og:description\" content=\"The team of trainers is made up of people with degrees in teaching a first or foreign language.\" \/>\n<meta property=\"og:url\" content=\"https:\/\/langues-en-continu.uqam.ca\/en\/trainers\/\" \/>\n<meta property=\"og:site_name\" content=\"Formations linguistiques non cr\u00e9dit\u00e9es\" \/>\n<meta property=\"article:publisher\" content=\"https:\/\/www.facebook.com\/formationslinguistiquesnoncr\" \/>\n<meta property=\"article:modified_time\" content=\"2024-08-20T18:34:55+00:00\" \/>\n<meta name=\"twitter:card\" content=\"summary_large_image\" \/>\n<meta name=\"twitter:label1\" content=\"Est. reading time\" \/>\n\t<meta name=\"twitter:data1\" content=\"1 minute\" \/>\n<script type=\"application\/ld+json\" class=\"yoast-schema-graph\">{\"@context\":\"https:\\\/\\\/schema.org\",\"@graph\":[{\"@type\":\"WebPage\",\"@id\":\"https:\\\/\\\/langues-en-continu.uqam.ca\\\/en\\\/trainers\\\/\",\"url\":\"https:\\\/\\\/langues-en-continu.uqam.ca\\\/en\\\/trainers\\\/\",\"name\":\"Teachers - Formations linguistiques non cr\u00e9dit\u00e9es - UQAM\",\"isPartOf\":{\"@id\":\"https:\\\/\\\/langues-en-continu.uqam.ca\\\/#website\"},\"datePublished\":\"2021-03-15T19:07:35+00:00\",\"dateModified\":\"2024-08-20T18:34:55+00:00\",\"description\":\"The team of trainers is made up of people with degrees in teaching a first or foreign language.\",\"breadcrumb\":{\"@id\":\"https:\\\/\\\/langues-en-continu.uqam.ca\\\/en\\\/trainers\\\/#breadcrumb\"},\"inLanguage\":\"en-CA\",\"potentialAction\":[{\"@type\":\"ReadAction\",\"target\":[\"https:\\\/\\\/langues-en-continu.uqam.ca\\\/en\\\/trainers\\\/\"]}]},{\"@type\":\"BreadcrumbList\",\"@id\":\"https:\\\/\\\/langues-en-continu.uqam.ca\\\/en\\\/trainers\\\/#breadcrumb\",\"itemListElement\":[{\"@type\":\"ListItem\",\"position\":1,\"name\":\"UQAM\",\"item\":\"https:\\\/\\\/uqam.ca\"},{\"@type\":\"ListItem\",\"position\":2,\"name\":\"Formations linguistiques non cr\u00e9dit\u00e9es\",\"item\":\"https:\\\/\\\/langues-en-continu.uqam.ca\\\/en\\\/\"},{\"@type\":\"ListItem\",\"position\":3,\"name\":\"Teachers\"}]},{\"@type\":\"WebSite\",\"@id\":\"https:\\\/\\\/langues-en-continu.uqam.ca\\\/#website\",\"url\":\"https:\\\/\\\/langues-en-continu.uqam.ca\\\/\",\"name\":\"Formations linguistiques non cr\u00e9dit\u00e9es\",\"description\":\"Formations linguistiques non cr\u00e9dit\u00e9es\",\"publisher\":{\"@id\":\"https:\\\/\\\/langues-en-continu.uqam.ca\\\/#organization\"},\"potentialAction\":[{\"@type\":\"SearchAction\",\"target\":{\"@type\":\"EntryPoint\",\"urlTemplate\":\"https:\\\/\\\/langues-en-continu.uqam.ca\\\/en\\\/\\\/recherche\\\/?q={search_term_string}\"},\"query-input\":{\"@type\":\"PropertyValueSpecification\",\"valueRequired\":true,\"valueName\":\"search_term_string\"}}],\"inLanguage\":\"en-CA\"},{\"@type\":\"Organization\",\"@id\":\"https:\\\/\\\/langues-en-continu.uqam.ca\\\/#organization\",\"name\":\"Langues en continu\",\"url\":\"https:\\\/\\\/langues-en-continu.uqam.ca\\\/\",\"logo\":{\"@type\":\"ImageObject\",\"inLanguage\":\"en-CA\",\"@id\":\"https:\\\/\\\/langues-en-continu.uqam.ca\\\/#\\\/schema\\\/logo\\\/image\\\/\",\"url\":\"https:\\\/\\\/gabarit-adaptatif.uqam.ca\\\/statique\\\/images\\\/logo-uqam.jpg\",\"contentUrl\":\"\",\"caption\":\"Langues en continu\"},\"image\":{\"@id\":\"https:\\\/\\\/langues-en-continu.uqam.ca\\\/#\\\/schema\\\/logo\\\/image\\\/\"},\"sameAs\":[\"https:\\\/\\\/www.facebook.com\\\/formationslinguistiquesnoncr\",\"https:\\\/\\\/www.instagram.com\\\/uqam_flnc\\\/?hl=fr\",\"https:\\\/\\\/www.linkedin.com\\\/company\\\/formations-linguistiques-non-cr\u00e9dit\u00e9es-uqam\\\/?viewAsMember=true\",\"https:\\\/\\\/www.youtube.com\\\/channel\\\/UCuOyS0Cg_x0w4RW4l29z4tw\"],\"parentOrganization\":{\"@type\":\"EducationalOrganization\",\"@id\":\"https:\\\/\\\/uqam.ca\\\/#organization\",\"name\":\"Universit\u00e9 du Qu\u00e9bec \u00e0 Montr\u00e9al\",\"url\":\"https:\\\/\\\/uqam.ca\",\"alternateName\":\"UQAM\",\"logo\":\"https:\\\/\\\/gabarit-adaptatif.uqam.ca\\\/statique\\\/images\\\/logo-uqam.jpg\"}}]}<\/script>\n<!-- \/ Yoast SEO plugin. -->","yoast_head_json":{"title":"Teachers - Formations linguistiques non cr\u00e9dit\u00e9es - UQAM","description":"The team of trainers is made up of people with degrees in teaching a first or foreign language.","robots":{"index":"index","follow":"follow","max-snippet":"max-snippet:-1","max-image-preview":"max-image-preview:large","max-video-preview":"max-video-preview:-1"},"canonical":"https:\/\/langues-en-continu.uqam.ca\/en\/trainers\/","og_locale":"en_US","og_type":"article","og_title":"Teachers - Formations linguistiques non cr\u00e9dit\u00e9es - UQAM","og_description":"The team of trainers is made up of people with degrees in teaching a first or foreign language.","og_url":"https:\/\/langues-en-continu.uqam.ca\/en\/trainers\/","og_site_name":"Formations linguistiques non cr\u00e9dit\u00e9es","article_publisher":"https:\/\/www.facebook.com\/formationslinguistiquesnoncr","article_modified_time":"2024-08-20T18:34:55+00:00","twitter_card":"summary_large_image","twitter_misc":{"Est. reading time":"1 minute"},"schema":{"@context":"https:\/\/schema.org","@graph":[{"@type":"WebPage","@id":"https:\/\/langues-en-continu.uqam.ca\/en\/trainers\/","url":"https:\/\/langues-en-continu.uqam.ca\/en\/trainers\/","name":"Teachers - Formations linguistiques non cr\u00e9dit\u00e9es - UQAM","isPartOf":{"@id":"https:\/\/langues-en-continu.uqam.ca\/#website"},"datePublished":"2021-03-15T19:07:35+00:00","dateModified":"2024-08-20T18:34:55+00:00","description":"The team of trainers is made up of people with degrees in teaching a first or foreign language.","breadcrumb":{"@id":"https:\/\/langues-en-continu.uqam.ca\/en\/trainers\/#breadcrumb"},"inLanguage":"en-CA","potentialAction":[{"@type":"ReadAction","target":["https:\/\/langues-en-continu.uqam.ca\/en\/trainers\/"]}]},{"@type":"BreadcrumbList","@id":"https:\/\/langues-en-continu.uqam.ca\/en\/trainers\/#breadcrumb","itemListElement":[{"@type":"ListItem","position":1,"name":"UQAM","item":"https:\/\/uqam.ca"},{"@type":"ListItem","position":2,"name":"Formations linguistiques non cr\u00e9dit\u00e9es","item":"https:\/\/langues-en-continu.uqam.ca\/en\/"},{"@type":"ListItem","position":3,"name":"Teachers"}]},{"@type":"WebSite","@id":"https:\/\/langues-en-continu.uqam.ca\/#website","url":"https:\/\/langues-en-continu.uqam.ca\/","name":"Formations linguistiques non cr\u00e9dit\u00e9es","description":"Formations linguistiques non cr\u00e9dit\u00e9es","publisher":{"@id":"https:\/\/langues-en-continu.uqam.ca\/#organization"},"potentialAction":[{"@type":"SearchAction","target":{"@type":"EntryPoint","urlTemplate":"https:\/\/langues-en-continu.uqam.ca\/en\/\/recherche\/?q={search_term_string}"},"query-input":{"@type":"PropertyValueSpecification","valueRequired":true,"valueName":"search_term_string"}}],"inLanguage":"en-CA"},{"@type":"Organization","@id":"https:\/\/langues-en-continu.uqam.ca\/#organization","name":"Langues en continu","url":"https:\/\/langues-en-continu.uqam.ca\/","logo":{"@type":"ImageObject","inLanguage":"en-CA","@id":"https:\/\/langues-en-continu.uqam.ca\/#\/schema\/logo\/image\/","url":"https:\/\/gabarit-adaptatif.uqam.ca\/statique\/images\/logo-uqam.jpg","contentUrl":"","caption":"Langues en continu"},"image":{"@id":"https:\/\/langues-en-continu.uqam.ca\/#\/schema\/logo\/image\/"},"sameAs":["https:\/\/www.facebook.com\/formationslinguistiquesnoncr","https:\/\/www.instagram.com\/uqam_flnc\/?hl=fr","https:\/\/www.linkedin.com\/company\/formations-linguistiques-non-cr\u00e9dit\u00e9es-uqam\/?viewAsMember=true","https:\/\/www.youtube.com\/channel\/UCuOyS0Cg_x0w4RW4l29z4tw"],"parentOrganization":{"@type":"EducationalOrganization","@id":"https:\/\/uqam.ca\/#organization","name":"Universit\u00e9 du Qu\u00e9bec \u00e0 Montr\u00e9al","url":"https:\/\/uqam.ca","alternateName":"UQAM","logo":"https:\/\/gabarit-adaptatif.uqam.ca\/statique\/images\/logo-uqam.jpg"}}]}},"_links":{"self":[{"href":"https:\/\/langues-en-continu.uqam.ca\/en\/wp-json\/wp\/v2\/pages\/448","targetHints":{"allow":["GET"]}}],"collection":[{"href":"https:\/\/langues-en-continu.uqam.ca\/en\/wp-json\/wp\/v2\/pages"}],"about":[{"href":"https:\/\/langues-en-continu.uqam.ca\/en\/wp-json\/wp\/v2\/types\/page"}],"author":[{"embeddable":true,"href":"https:\/\/langues-en-continu.uqam.ca\/en\/wp-json\/wp\/v2\/users\/7"}],"replies":[{"embeddable":true,"href":"https:\/\/langues-en-continu.uqam.ca\/en\/wp-json\/wp\/v2\/comments?post=448"}],"version-history":[{"count":5,"href":"https:\/\/langues-en-continu.uqam.ca\/en\/wp-json\/wp\/v2\/pages\/448\/revisions"}],"predecessor-version":[{"id":3620,"href":"https:\/\/langues-en-continu.uqam.ca\/en\/wp-json\/wp\/v2\/pages\/448\/revisions\/3620"}],"wp:attachment":[{"href":"https:\/\/langues-en-continu.uqam.ca\/en\/wp-json\/wp\/v2\/media?parent=448"}],"wp:term":[{"taxonomy":"category","embeddable":true,"href":"https:\/\/langues-en-continu.uqam.ca\/en\/wp-json\/wp\/v2\/categories?post=448"}],"curies":[{"name":"wp","href":"https:\/\/api.w.org\/{rel}","templated":true}]}}