{"id":4073,"date":"2024-11-18T11:42:23","date_gmt":"2024-11-18T16:42:23","guid":{"rendered":"https:\/\/langues-en-continu.uqam.ca\/?page_id=4073"},"modified":"2024-11-18T11:42:32","modified_gmt":"2024-11-18T16:42:32","slug":"evening-courses","status":"publish","type":"page","link":"https:\/\/langues-en-continu.uqam.ca\/en\/evening-courses\/","title":{"rendered":"Evening courses"},"content":{"rendered":"","protected":false},"excerpt":{"rendered":"","protected":false},"author":19,"featured_media":0,"parent":0,"menu_order":0,"comment_status":"closed","ping_status":"closed","template":"page-cours-du-soir.php","meta":{"_acf_changed":false,"footnotes":""},"categories":[],"class_list":["post-4073","page","type-page","status-publish","hentry"],"acf":[],"yoast_head":"<!-- This site is optimized with the Yoast SEO plugin v27.4 - https:\/\/yoast.com\/product\/yoast-seo-wordpress\/ -->\n<title>Evening courses - Formations linguistiques non cr\u00e9dit\u00e9es - UQAM<\/title>\n<meta name=\"robots\" content=\"index, follow, max-snippet:-1, max-image-preview:large, max-video-preview:-1\" \/>\n<link rel=\"canonical\" href=\"https:\/\/langues-en-continu.uqam.ca\/en\/evening-courses\/\" \/>\n<meta property=\"og:locale\" content=\"en_US\" \/>\n<meta property=\"og:type\" content=\"article\" \/>\n<meta property=\"og:title\" content=\"Evening courses - Formations linguistiques non cr\u00e9dit\u00e9es - UQAM\" \/>\n<meta property=\"og:url\" content=\"https:\/\/langues-en-continu.uqam.ca\/en\/evening-courses\/\" \/>\n<meta property=\"og:site_name\" content=\"Formations linguistiques non cr\u00e9dit\u00e9es\" \/>\n<meta property=\"article:publisher\" content=\"https:\/\/www.facebook.com\/formationslinguistiquesnoncr\" \/>\n<meta property=\"article:modified_time\" content=\"2024-11-18T16:42:32+00:00\" \/>\n<meta name=\"twitter:card\" content=\"summary_large_image\" \/>\n<script type=\"application\/ld+json\" class=\"yoast-schema-graph\">{\"@context\":\"https:\\\/\\\/schema.org\",\"@graph\":[{\"@type\":\"WebPage\",\"@id\":\"https:\\\/\\\/langues-en-continu.uqam.ca\\\/en\\\/evening-courses\\\/\",\"url\":\"https:\\\/\\\/langues-en-continu.uqam.ca\\\/en\\\/evening-courses\\\/\",\"name\":\"Evening courses - Formations linguistiques non cr\u00e9dit\u00e9es - UQAM\",\"isPartOf\":{\"@id\":\"https:\\\/\\\/langues-en-continu.uqam.ca\\\/#website\"},\"datePublished\":\"2024-11-18T16:42:23+00:00\",\"dateModified\":\"2024-11-18T16:42:32+00:00\",\"breadcrumb\":{\"@id\":\"https:\\\/\\\/langues-en-continu.uqam.ca\\\/en\\\/evening-courses\\\/#breadcrumb\"},\"inLanguage\":\"en-CA\",\"potentialAction\":[{\"@type\":\"ReadAction\",\"target\":[\"https:\\\/\\\/langues-en-continu.uqam.ca\\\/en\\\/evening-courses\\\/\"]}]},{\"@type\":\"BreadcrumbList\",\"@id\":\"https:\\\/\\\/langues-en-continu.uqam.ca\\\/en\\\/evening-courses\\\/#breadcrumb\",\"itemListElement\":[{\"@type\":\"ListItem\",\"position\":1,\"name\":\"UQAM\",\"item\":\"https:\\\/\\\/uqam.ca\"},{\"@type\":\"ListItem\",\"position\":2,\"name\":\"Formations linguistiques non cr\u00e9dit\u00e9es\",\"item\":\"https:\\\/\\\/langues-en-continu.uqam.ca\\\/en\\\/\"},{\"@type\":\"ListItem\",\"position\":3,\"name\":\"Evening courses\"}]},{\"@type\":\"WebSite\",\"@id\":\"https:\\\/\\\/langues-en-continu.uqam.ca\\\/#website\",\"url\":\"https:\\\/\\\/langues-en-continu.uqam.ca\\\/\",\"name\":\"Formations linguistiques non cr\u00e9dit\u00e9es\",\"description\":\"Formations linguistiques non cr\u00e9dit\u00e9es\",\"publisher\":{\"@id\":\"https:\\\/\\\/langues-en-continu.uqam.ca\\\/#organization\"},\"potentialAction\":[{\"@type\":\"SearchAction\",\"target\":{\"@type\":\"EntryPoint\",\"urlTemplate\":\"https:\\\/\\\/langues-en-continu.uqam.ca\\\/en\\\/\\\/recherche\\\/?q={search_term_string}\"},\"query-input\":{\"@type\":\"PropertyValueSpecification\",\"valueRequired\":true,\"valueName\":\"search_term_string\"}}],\"inLanguage\":\"en-CA\"},{\"@type\":\"Organization\",\"@id\":\"https:\\\/\\\/langues-en-continu.uqam.ca\\\/#organization\",\"name\":\"Langues en continu\",\"url\":\"https:\\\/\\\/langues-en-continu.uqam.ca\\\/\",\"logo\":{\"@type\":\"ImageObject\",\"inLanguage\":\"en-CA\",\"@id\":\"https:\\\/\\\/langues-en-continu.uqam.ca\\\/#\\\/schema\\\/logo\\\/image\\\/\",\"url\":\"https:\\\/\\\/gabarit-adaptatif.uqam.ca\\\/statique\\\/images\\\/logo-uqam.jpg\",\"contentUrl\":\"\",\"caption\":\"Langues en continu\"},\"image\":{\"@id\":\"https:\\\/\\\/langues-en-continu.uqam.ca\\\/#\\\/schema\\\/logo\\\/image\\\/\"},\"sameAs\":[\"https:\\\/\\\/www.facebook.com\\\/formationslinguistiquesnoncr\",\"https:\\\/\\\/www.instagram.com\\\/uqam_flnc\\\/?hl=fr\",\"https:\\\/\\\/www.linkedin.com\\\/company\\\/formations-linguistiques-non-cr\u00e9dit\u00e9es-uqam\\\/?viewAsMember=true\",\"https:\\\/\\\/www.youtube.com\\\/channel\\\/UCuOyS0Cg_x0w4RW4l29z4tw\"],\"parentOrganization\":{\"@type\":\"EducationalOrganization\",\"@id\":\"https:\\\/\\\/uqam.ca\\\/#organization\",\"name\":\"Universit\u00e9 du Qu\u00e9bec \u00e0 Montr\u00e9al\",\"url\":\"https:\\\/\\\/uqam.ca\",\"alternateName\":\"UQAM\",\"logo\":\"https:\\\/\\\/gabarit-adaptatif.uqam.ca\\\/statique\\\/images\\\/logo-uqam.jpg\"}}]}<\/script>\n<!-- \/ Yoast SEO plugin. -->","yoast_head_json":{"title":"Evening courses - Formations linguistiques non cr\u00e9dit\u00e9es - UQAM","robots":{"index":"index","follow":"follow","max-snippet":"max-snippet:-1","max-image-preview":"max-image-preview:large","max-video-preview":"max-video-preview:-1"},"canonical":"https:\/\/langues-en-continu.uqam.ca\/en\/evening-courses\/","og_locale":"en_US","og_type":"article","og_title":"Evening courses - Formations linguistiques non cr\u00e9dit\u00e9es - UQAM","og_url":"https:\/\/langues-en-continu.uqam.ca\/en\/evening-courses\/","og_site_name":"Formations linguistiques non cr\u00e9dit\u00e9es","article_publisher":"https:\/\/www.facebook.com\/formationslinguistiquesnoncr","article_modified_time":"2024-11-18T16:42:32+00:00","twitter_card":"summary_large_image","schema":{"@context":"https:\/\/schema.org","@graph":[{"@type":"WebPage","@id":"https:\/\/langues-en-continu.uqam.ca\/en\/evening-courses\/","url":"https:\/\/langues-en-continu.uqam.ca\/en\/evening-courses\/","name":"Evening courses - Formations linguistiques non cr\u00e9dit\u00e9es - UQAM","isPartOf":{"@id":"https:\/\/langues-en-continu.uqam.ca\/#website"},"datePublished":"2024-11-18T16:42:23+00:00","dateModified":"2024-11-18T16:42:32+00:00","breadcrumb":{"@id":"https:\/\/langues-en-continu.uqam.ca\/en\/evening-courses\/#breadcrumb"},"inLanguage":"en-CA","potentialAction":[{"@type":"ReadAction","target":["https:\/\/langues-en-continu.uqam.ca\/en\/evening-courses\/"]}]},{"@type":"BreadcrumbList","@id":"https:\/\/langues-en-continu.uqam.ca\/en\/evening-courses\/#breadcrumb","itemListElement":[{"@type":"ListItem","position":1,"name":"UQAM","item":"https:\/\/uqam.ca"},{"@type":"ListItem","position":2,"name":"Formations linguistiques non cr\u00e9dit\u00e9es","item":"https:\/\/langues-en-continu.uqam.ca\/en\/"},{"@type":"ListItem","position":3,"name":"Evening courses"}]},{"@type":"WebSite","@id":"https:\/\/langues-en-continu.uqam.ca\/#website","url":"https:\/\/langues-en-continu.uqam.ca\/","name":"Formations linguistiques non cr\u00e9dit\u00e9es","description":"Formations linguistiques non cr\u00e9dit\u00e9es","publisher":{"@id":"https:\/\/langues-en-continu.uqam.ca\/#organization"},"potentialAction":[{"@type":"SearchAction","target":{"@type":"EntryPoint","urlTemplate":"https:\/\/langues-en-continu.uqam.ca\/en\/\/recherche\/?q={search_term_string}"},"query-input":{"@type":"PropertyValueSpecification","valueRequired":true,"valueName":"search_term_string"}}],"inLanguage":"en-CA"},{"@type":"Organization","@id":"https:\/\/langues-en-continu.uqam.ca\/#organization","name":"Langues en continu","url":"https:\/\/langues-en-continu.uqam.ca\/","logo":{"@type":"ImageObject","inLanguage":"en-CA","@id":"https:\/\/langues-en-continu.uqam.ca\/#\/schema\/logo\/image\/","url":"https:\/\/gabarit-adaptatif.uqam.ca\/statique\/images\/logo-uqam.jpg","contentUrl":"","caption":"Langues en continu"},"image":{"@id":"https:\/\/langues-en-continu.uqam.ca\/#\/schema\/logo\/image\/"},"sameAs":["https:\/\/www.facebook.com\/formationslinguistiquesnoncr","https:\/\/www.instagram.com\/uqam_flnc\/?hl=fr","https:\/\/www.linkedin.com\/company\/formations-linguistiques-non-cr\u00e9dit\u00e9es-uqam\/?viewAsMember=true","https:\/\/www.youtube.com\/channel\/UCuOyS0Cg_x0w4RW4l29z4tw"],"parentOrganization":{"@type":"EducationalOrganization","@id":"https:\/\/uqam.ca\/#organization","name":"Universit\u00e9 du Qu\u00e9bec \u00e0 Montr\u00e9al","url":"https:\/\/uqam.ca","alternateName":"UQAM","logo":"https:\/\/gabarit-adaptatif.uqam.ca\/statique\/images\/logo-uqam.jpg"}}]}},"_links":{"self":[{"href":"https:\/\/langues-en-continu.uqam.ca\/en\/wp-json\/wp\/v2\/pages\/4073","targetHints":{"allow":["GET"]}}],"collection":[{"href":"https:\/\/langues-en-continu.uqam.ca\/en\/wp-json\/wp\/v2\/pages"}],"about":[{"href":"https:\/\/langues-en-continu.uqam.ca\/en\/wp-json\/wp\/v2\/types\/page"}],"author":[{"embeddable":true,"href":"https:\/\/langues-en-continu.uqam.ca\/en\/wp-json\/wp\/v2\/users\/19"}],"replies":[{"embeddable":true,"href":"https:\/\/langues-en-continu.uqam.ca\/en\/wp-json\/wp\/v2\/comments?post=4073"}],"version-history":[{"count":1,"href":"https:\/\/langues-en-continu.uqam.ca\/en\/wp-json\/wp\/v2\/pages\/4073\/revisions"}],"predecessor-version":[{"id":4074,"href":"https:\/\/langues-en-continu.uqam.ca\/en\/wp-json\/wp\/v2\/pages\/4073\/revisions\/4074"}],"wp:attachment":[{"href":"https:\/\/langues-en-continu.uqam.ca\/en\/wp-json\/wp\/v2\/media?parent=4073"}],"wp:term":[{"taxonomy":"category","embeddable":true,"href":"https:\/\/langues-en-continu.uqam.ca\/en\/wp-json\/wp\/v2\/categories?post=4073"}],"curies":[{"name":"wp","href":"https:\/\/api.w.org\/{rel}","templated":true}]}}