{"id":390,"date":"2021-03-15T11:44:03","date_gmt":"2021-03-15T15:44:03","guid":{"rendered":"https:\/\/langues-en-continu.uqam.ca\/?page_id=390"},"modified":"2025-12-01T14:30:59","modified_gmt":"2025-12-01T19:30:59","slug":"customized-training-courses","status":"publish","type":"page","link":"https:\/\/langues-en-continu.uqam.ca\/en\/customized-training-courses\/","title":{"rendered":"Customized training courses"},"content":{"rendered":"\n<p>Customized language training is intended for individuals and organizations.&nbsp;&nbsp;<\/p>\n\n\n\n<div class=\"wp-block-pb-accordion-item c-accordion__item js-accordion-item no-js\" data-initially-open=\"false\" data-click-to-close=\"true\" data-auto-close=\"true\" data-scroll=\"false\" data-scroll-offset=\"0\"><h2 id=\"at-3900\" class=\"c-accordion__title js-accordion-controller\" role=\"button\">Private lessons<\/h2><div id=\"ac-3900\" class=\"c-accordion__content\">\n<p>This \u00e0-la-carte training course is designed to meet the specific needs of students, to ensure their progress based on the difficulties encountered, be it with speaking or writing.&nbsp;&nbsp;&nbsp;<\/p>\n<\/div><\/div>\n\n\n\n<div class=\"wp-block-pb-accordion-item c-accordion__item js-accordion-item no-js\" data-initially-open=\"false\" data-click-to-close=\"true\" data-auto-close=\"true\" data-scroll=\"false\" data-scroll-offset=\"0\"><h2 id=\"at-3901\" class=\"c-accordion__title js-accordion-controller\" role=\"button\">Semi-private lessons<\/h2><div id=\"ac-3901\" class=\"c-accordion__content\">\n<p>Semi-private lessons focus on knowledge sharing. They are specially designed for two (2) learners from the same professional setting with similar levels of language proficiency.&nbsp;&nbsp;&nbsp;&nbsp;<\/p>\n<\/div><\/div>\n\n\n\n<div class=\"wp-block-pb-accordion-item c-accordion__item js-accordion-item no-js\" data-initially-open=\"false\" data-click-to-close=\"true\" data-auto-close=\"true\" data-scroll=\"false\" data-scroll-offset=\"0\"><h2 id=\"at-3902\" class=\"c-accordion__title js-accordion-controller\" role=\"button\">Courses for three or more students<\/h2><div id=\"ac-3902\" class=\"c-accordion__content\">\n<p>This option broadens the scope of students through varied,&nbsp;dynamic&nbsp;and interactive learning activities.&nbsp;&nbsp;<\/p>\n\n\n\n<p>Groups can have up to 12 people.&nbsp;&nbsp;<\/p>\n<\/div><\/div>\n\n\n\n<h2 class=\"wp-block-heading\">Overview of benefits&nbsp;<\/h2>\n\n\n\n<ul class=\"wp-block-list\">\n<li>Adaptable content&nbsp;<\/li>\n\n\n\n<li>Flexible schedule&nbsp;&nbsp;<\/li>\n\n\n\n<li>Available on UQAM\u2019s main campus, online and remote learning via ZOOM, or at the company&nbsp;<\/li>\n<\/ul>\n\n\n\n<p>In addition, all customized training includes:&nbsp;<\/p>\n\n\n\n<ul class=\"wp-block-list\">\n<li>A placement test (oral and\/or written, if applicable)&nbsp;&nbsp;<\/li>\n\n\n\n<li>Training program curriculum design and lesson plans&nbsp;<\/li>\n\n\n\n<li>Adapted teaching&nbsp;materials&nbsp;<\/li>\n\n\n\n<li>A detailed training overview for each participant, where applicable&nbsp;<\/li>\n\n\n\n<li>A certificate of training for each participant along with SOFEDUC continuing education units (CEU), where applicable&nbsp;&nbsp;<\/li>\n<\/ul>\n\n\n\n<h2 class=\"wp-block-heading\">Types of courses&nbsp;&nbsp;<\/h2>\n\n\n\n<p>French,&nbsp;English&nbsp;and Spanish courses focus primarily on skills related to oral or written communication in a variety of professional and everyday&nbsp;situations.&nbsp;&nbsp;<\/p>\n\n\n\n<p>The re-skilling offered can support students in their use of a first language or a foreign language.&nbsp;&nbsp;<\/p>\n\n\n\n<h2 class=\"wp-block-heading\">NEW | Preparatory Courses<\/h2>\n\n\n\n<p><strong>Preparatory Test Courses can be offered in the following formats:<\/strong><\/p>\n\n\n\n<ul class=\"wp-block-list\">\n<li>Coaching format (1 instructor \u2013 1 learner)<\/li>\n\n\n\n<li>Semi-private format for 2 people<\/li>\n\n\n\n<li>Semi-private format for a group of 3 to 5 people<\/li>\n<\/ul>\n\n\n\n<p><strong>Preparatory Course Form<\/strong><br><a href=\"https:\/\/forms.office.com\/r\/BWybkcKHyN\"><strong>Please complete the preparatory course form<\/strong><\/a> to help us organize your training request.<\/p>\n\n\n\n<p><strong>Available Package Types<\/strong><\/p>\n\n\n\n<figure class=\"wp-block-table\"><table class=\"has-fixed-layout\"><thead><tr><th>Program Duration (weeks)<\/th><th>Session Duration<\/th><th>Total Training Hours<\/th><\/tr><\/thead><tbody><tr><td>8 weeks<\/td><td>2 hours\/session<\/td><td>16<\/td><\/tr><tr><td>10 weeks<\/td><td>2 hours\/session<\/td><td>20<\/td><\/tr><tr><td>8 weeks<\/td><td>3 hours\/session<\/td><td>24<\/td><\/tr><tr><td>10 weeks<\/td><td>3 hours\/session<\/td><td>30<\/td><\/tr><\/tbody><\/table><\/figure>\n\n\n\n<p><strong>Individual Training<\/strong><br>Your training begins as soon as the form is completed and our proposal is approved.<\/p>\n\n\n\n<hr class=\"wp-block-separator has-alpha-channel-opacity\"\/>\n\n\n\n<p><strong>Small Group Courses (2 to 5 people)<\/strong><br>Available on request, at least once a month (3<sup>rd<\/sup> week), after receiving the completed form and acceptance of our offer.<\/p>\n\n\n\n<p><a href=\"https:\/\/langues-en-continu.uqam.ca\/en\/courses\/toeic-ielts-preparation-course\/\">Tailored Training | TOEIC &amp; IELTS Test Prep<\/a><br><a href=\"https:\/\/langues-en-continu.uqam.ca\/en\/courses\/tailored-training-tcf-tefaq-test-prep\/\">Tailored Training | TCF &#8211; Canada &amp; TEF Test Prep<\/a><\/p>\n\n\n\n<h2 class=\"wp-block-heading\">Available options <\/h2>\n\n\n\n<p><a href=\"https:\/\/langues-en-continu.uqam.ca\/en\/courses\/fsm-grammaire-francaise-ecrite-et-parlee-francais-langue-etrangere\/\">Tailored Training | Written and Spoken French Grammar for Allophones<\/a><\/p>\n\n\n\n<p><a href=\"https:\/\/langues-en-continu.uqam.ca\/en\/courses\/english-conversation\/\">Tailored Training | English Conversation<\/a><\/p>\n\n\n\n<p><a href=\"https:\/\/langues-en-continu.uqam.ca\/en\/courses\/english-writing\/\">Tailored Training | English Writing<\/a><\/p>\n\n\n\n<p><a href=\"https:\/\/langues-en-continu.uqam.ca\/en\/courses\/formation-sur-mesure-english-for-health-care-professionals-en\/\"><a href=\"https:\/\/langues-en-continu.uqam.ca\/en\/courses\/english-writing\/\">Tailored Training |<\/a> English for Health Care Professionals<\/a><\/p>\n\n\n\n<p><a href=\"https:\/\/langues-en-continu.uqam.ca\/en\/courses\/customized-training-spanish-beginner-1-2\/\"><a href=\"https:\/\/langues-en-continu.uqam.ca\/en\/courses\/english-writing\/\">Tailored Training |<\/a> Spanish for beginners I &#8211; II<\/a><\/p>\n\n\n\n<blockquote class=\"wp-block-quote is-layout-flow wp-block-quote-is-layout-flow\">\n<p><strong>Are you interested in a customized training program? Let us know your needs by <a href=\"https:\/\/forms.office.com\/Pages\/ResponsePage.aspx?id=Gk7LEtpCHEmQ4Xp6l1NQb_414dyml8JCougr8kRQ5apUQUNGWk9XME5GMjg3UTlZUlBLV0ZRRVg1WiQlQCN0PWcu\">completing this short questionnaire<\/a> to receive a personalized service offer.<\/strong><\/p>\n<\/blockquote>\n\n\n\n<h2 class=\"wp-block-heading\">Practical applications&nbsp;&nbsp;<\/h2>\n\n\n\n<ul class=\"wp-block-list\">\n<li>Language coaching for professionals&nbsp;<\/li>\n\n\n\n<li>Honing of skills and upgrading&nbsp;<\/li>\n\n\n\n<li>Support with writing, preparing public&nbsp;presentations&nbsp;<\/li>\n<\/ul>\n\n\n\n<p>All applications for training may be analyzed by the Non-Credit Language Courses office.&nbsp;&nbsp;<\/p>\n\n\n\n<h2 class=\"wp-block-heading\">Recommended schedule type&nbsp;<\/h2>\n\n\n\n<figure class=\"wp-block-table\"><table><tbody><tr><td><strong>Minimum duration\/lesson<\/strong>&nbsp;<\/td><td><strong>Recommended frequency&nbsp;<\/strong>&nbsp;<\/td><td><strong>Potential schedule&nbsp;<\/strong>&nbsp;<\/td><td><strong>Day | Evening<\/strong>&nbsp;<\/td><\/tr><tr><td>1.5 to 2 hours depending on the level&nbsp;<\/td><td>1 class\/week | 10 weeks&nbsp;&nbsp;<\/td><td>Monday to Saturday&nbsp;&nbsp;<\/td><td>8\u202fa.m. to 8\u202fp.m.&nbsp;<\/td><\/tr><\/tbody><\/table><\/figure>\n","protected":false},"excerpt":{"rendered":"<p>Customized language training is intended for individuals and organizations.&nbsp;&nbsp; Overview of benefits&nbsp; In addition, all customized training includes:&nbsp; Types of courses&nbsp;&nbsp; French,&nbsp;English&nbsp;and Spanish courses focus primarily on skills related to oral or written communication in a variety of professional and everyday&nbsp;situations.&nbsp;&nbsp; The re-skilling offered can support students in their use of a first language or [&hellip;]<\/p>\n","protected":false},"author":3,"featured_media":0,"parent":0,"menu_order":4,"comment_status":"closed","ping_status":"closed","template":"","meta":{"_acf_changed":false,"footnotes":""},"categories":[],"class_list":["post-390","page","type-page","status-publish","hentry"],"acf":[],"yoast_head":"<!-- This site is optimized with the Yoast SEO plugin v27.4 - https:\/\/yoast.com\/product\/yoast-seo-wordpress\/ -->\n<title>Customized training courses - Formations linguistiques non cr\u00e9dit\u00e9es - UQAM<\/title>\n<meta name=\"description\" content=\"Customized language training is available for individuals or organizations. Have your program tailored!\" \/>\n<meta name=\"robots\" content=\"index, follow, max-snippet:-1, max-image-preview:large, max-video-preview:-1\" \/>\n<link rel=\"canonical\" href=\"https:\/\/langues-en-continu.uqam.ca\/en\/customized-training-courses\/\" \/>\n<meta property=\"og:locale\" content=\"en_US\" \/>\n<meta property=\"og:type\" content=\"article\" \/>\n<meta property=\"og:title\" content=\"Customized training courses - Formations linguistiques non cr\u00e9dit\u00e9es - UQAM\" \/>\n<meta property=\"og:description\" content=\"Customized language training is available for individuals or organizations. Have your program tailored!\" \/>\n<meta property=\"og:url\" content=\"https:\/\/langues-en-continu.uqam.ca\/en\/customized-training-courses\/\" \/>\n<meta property=\"og:site_name\" content=\"Formations linguistiques non cr\u00e9dit\u00e9es\" \/>\n<meta property=\"article:publisher\" content=\"https:\/\/www.facebook.com\/formationslinguistiquesnoncr\" \/>\n<meta property=\"article:modified_time\" content=\"2025-12-01T19:30:59+00:00\" \/>\n<meta name=\"twitter:card\" content=\"summary_large_image\" \/>\n<meta name=\"twitter:label1\" content=\"Est. reading time\" \/>\n\t<meta name=\"twitter:data1\" content=\"3 minutes\" \/>\n<script type=\"application\/ld+json\" class=\"yoast-schema-graph\">{\"@context\":\"https:\\\/\\\/schema.org\",\"@graph\":[{\"@type\":\"WebPage\",\"@id\":\"https:\\\/\\\/langues-en-continu.uqam.ca\\\/en\\\/customized-training-courses\\\/\",\"url\":\"https:\\\/\\\/langues-en-continu.uqam.ca\\\/en\\\/customized-training-courses\\\/\",\"name\":\"Customized training courses - Formations linguistiques non cr\u00e9dit\u00e9es - UQAM\",\"isPartOf\":{\"@id\":\"https:\\\/\\\/langues-en-continu.uqam.ca\\\/#website\"},\"datePublished\":\"2021-03-15T15:44:03+00:00\",\"dateModified\":\"2025-12-01T19:30:59+00:00\",\"description\":\"Customized language training is available for individuals or organizations. Have your program tailored!\",\"breadcrumb\":{\"@id\":\"https:\\\/\\\/langues-en-continu.uqam.ca\\\/en\\\/customized-training-courses\\\/#breadcrumb\"},\"inLanguage\":\"en-CA\",\"potentialAction\":[{\"@type\":\"ReadAction\",\"target\":[\"https:\\\/\\\/langues-en-continu.uqam.ca\\\/en\\\/customized-training-courses\\\/\"]}]},{\"@type\":\"BreadcrumbList\",\"@id\":\"https:\\\/\\\/langues-en-continu.uqam.ca\\\/en\\\/customized-training-courses\\\/#breadcrumb\",\"itemListElement\":[{\"@type\":\"ListItem\",\"position\":1,\"name\":\"UQAM\",\"item\":\"https:\\\/\\\/uqam.ca\"},{\"@type\":\"ListItem\",\"position\":2,\"name\":\"Formations linguistiques non cr\u00e9dit\u00e9es\",\"item\":\"https:\\\/\\\/langues-en-continu.uqam.ca\\\/en\\\/\"},{\"@type\":\"ListItem\",\"position\":3,\"name\":\"Customized training courses\"}]},{\"@type\":\"WebSite\",\"@id\":\"https:\\\/\\\/langues-en-continu.uqam.ca\\\/#website\",\"url\":\"https:\\\/\\\/langues-en-continu.uqam.ca\\\/\",\"name\":\"Formations linguistiques non cr\u00e9dit\u00e9es\",\"description\":\"Formations linguistiques non cr\u00e9dit\u00e9es\",\"publisher\":{\"@id\":\"https:\\\/\\\/langues-en-continu.uqam.ca\\\/#organization\"},\"potentialAction\":[{\"@type\":\"SearchAction\",\"target\":{\"@type\":\"EntryPoint\",\"urlTemplate\":\"https:\\\/\\\/langues-en-continu.uqam.ca\\\/en\\\/\\\/recherche\\\/?q={search_term_string}\"},\"query-input\":{\"@type\":\"PropertyValueSpecification\",\"valueRequired\":true,\"valueName\":\"search_term_string\"}}],\"inLanguage\":\"en-CA\"},{\"@type\":\"Organization\",\"@id\":\"https:\\\/\\\/langues-en-continu.uqam.ca\\\/#organization\",\"name\":\"Langues en continu\",\"url\":\"https:\\\/\\\/langues-en-continu.uqam.ca\\\/\",\"logo\":{\"@type\":\"ImageObject\",\"inLanguage\":\"en-CA\",\"@id\":\"https:\\\/\\\/langues-en-continu.uqam.ca\\\/#\\\/schema\\\/logo\\\/image\\\/\",\"url\":\"https:\\\/\\\/gabarit-adaptatif.uqam.ca\\\/statique\\\/images\\\/logo-uqam.jpg\",\"contentUrl\":\"\",\"caption\":\"Langues en continu\"},\"image\":{\"@id\":\"https:\\\/\\\/langues-en-continu.uqam.ca\\\/#\\\/schema\\\/logo\\\/image\\\/\"},\"sameAs\":[\"https:\\\/\\\/www.facebook.com\\\/formationslinguistiquesnoncr\",\"https:\\\/\\\/www.instagram.com\\\/uqam_flnc\\\/?hl=fr\",\"https:\\\/\\\/www.linkedin.com\\\/company\\\/formations-linguistiques-non-cr\u00e9dit\u00e9es-uqam\\\/?viewAsMember=true\",\"https:\\\/\\\/www.youtube.com\\\/channel\\\/UCuOyS0Cg_x0w4RW4l29z4tw\"],\"parentOrganization\":{\"@type\":\"EducationalOrganization\",\"@id\":\"https:\\\/\\\/uqam.ca\\\/#organization\",\"name\":\"Universit\u00e9 du Qu\u00e9bec \u00e0 Montr\u00e9al\",\"url\":\"https:\\\/\\\/uqam.ca\",\"alternateName\":\"UQAM\",\"logo\":\"https:\\\/\\\/gabarit-adaptatif.uqam.ca\\\/statique\\\/images\\\/logo-uqam.jpg\"}}]}<\/script>\n<!-- \/ Yoast SEO plugin. -->","yoast_head_json":{"title":"Customized training courses - Formations linguistiques non cr\u00e9dit\u00e9es - UQAM","description":"Customized language training is available for individuals or organizations. Have your program tailored!","robots":{"index":"index","follow":"follow","max-snippet":"max-snippet:-1","max-image-preview":"max-image-preview:large","max-video-preview":"max-video-preview:-1"},"canonical":"https:\/\/langues-en-continu.uqam.ca\/en\/customized-training-courses\/","og_locale":"en_US","og_type":"article","og_title":"Customized training courses - Formations linguistiques non cr\u00e9dit\u00e9es - UQAM","og_description":"Customized language training is available for individuals or organizations. Have your program tailored!","og_url":"https:\/\/langues-en-continu.uqam.ca\/en\/customized-training-courses\/","og_site_name":"Formations linguistiques non cr\u00e9dit\u00e9es","article_publisher":"https:\/\/www.facebook.com\/formationslinguistiquesnoncr","article_modified_time":"2025-12-01T19:30:59+00:00","twitter_card":"summary_large_image","twitter_misc":{"Est. reading time":"3 minutes"},"schema":{"@context":"https:\/\/schema.org","@graph":[{"@type":"WebPage","@id":"https:\/\/langues-en-continu.uqam.ca\/en\/customized-training-courses\/","url":"https:\/\/langues-en-continu.uqam.ca\/en\/customized-training-courses\/","name":"Customized training courses - Formations linguistiques non cr\u00e9dit\u00e9es - UQAM","isPartOf":{"@id":"https:\/\/langues-en-continu.uqam.ca\/#website"},"datePublished":"2021-03-15T15:44:03+00:00","dateModified":"2025-12-01T19:30:59+00:00","description":"Customized language training is available for individuals or organizations. Have your program tailored!","breadcrumb":{"@id":"https:\/\/langues-en-continu.uqam.ca\/en\/customized-training-courses\/#breadcrumb"},"inLanguage":"en-CA","potentialAction":[{"@type":"ReadAction","target":["https:\/\/langues-en-continu.uqam.ca\/en\/customized-training-courses\/"]}]},{"@type":"BreadcrumbList","@id":"https:\/\/langues-en-continu.uqam.ca\/en\/customized-training-courses\/#breadcrumb","itemListElement":[{"@type":"ListItem","position":1,"name":"UQAM","item":"https:\/\/uqam.ca"},{"@type":"ListItem","position":2,"name":"Formations linguistiques non cr\u00e9dit\u00e9es","item":"https:\/\/langues-en-continu.uqam.ca\/en\/"},{"@type":"ListItem","position":3,"name":"Customized training courses"}]},{"@type":"WebSite","@id":"https:\/\/langues-en-continu.uqam.ca\/#website","url":"https:\/\/langues-en-continu.uqam.ca\/","name":"Formations linguistiques non cr\u00e9dit\u00e9es","description":"Formations linguistiques non cr\u00e9dit\u00e9es","publisher":{"@id":"https:\/\/langues-en-continu.uqam.ca\/#organization"},"potentialAction":[{"@type":"SearchAction","target":{"@type":"EntryPoint","urlTemplate":"https:\/\/langues-en-continu.uqam.ca\/en\/\/recherche\/?q={search_term_string}"},"query-input":{"@type":"PropertyValueSpecification","valueRequired":true,"valueName":"search_term_string"}}],"inLanguage":"en-CA"},{"@type":"Organization","@id":"https:\/\/langues-en-continu.uqam.ca\/#organization","name":"Langues en continu","url":"https:\/\/langues-en-continu.uqam.ca\/","logo":{"@type":"ImageObject","inLanguage":"en-CA","@id":"https:\/\/langues-en-continu.uqam.ca\/#\/schema\/logo\/image\/","url":"https:\/\/gabarit-adaptatif.uqam.ca\/statique\/images\/logo-uqam.jpg","contentUrl":"","caption":"Langues en continu"},"image":{"@id":"https:\/\/langues-en-continu.uqam.ca\/#\/schema\/logo\/image\/"},"sameAs":["https:\/\/www.facebook.com\/formationslinguistiquesnoncr","https:\/\/www.instagram.com\/uqam_flnc\/?hl=fr","https:\/\/www.linkedin.com\/company\/formations-linguistiques-non-cr\u00e9dit\u00e9es-uqam\/?viewAsMember=true","https:\/\/www.youtube.com\/channel\/UCuOyS0Cg_x0w4RW4l29z4tw"],"parentOrganization":{"@type":"EducationalOrganization","@id":"https:\/\/uqam.ca\/#organization","name":"Universit\u00e9 du Qu\u00e9bec \u00e0 Montr\u00e9al","url":"https:\/\/uqam.ca","alternateName":"UQAM","logo":"https:\/\/gabarit-adaptatif.uqam.ca\/statique\/images\/logo-uqam.jpg"}}]}},"_links":{"self":[{"href":"https:\/\/langues-en-continu.uqam.ca\/en\/wp-json\/wp\/v2\/pages\/390","targetHints":{"allow":["GET"]}}],"collection":[{"href":"https:\/\/langues-en-continu.uqam.ca\/en\/wp-json\/wp\/v2\/pages"}],"about":[{"href":"https:\/\/langues-en-continu.uqam.ca\/en\/wp-json\/wp\/v2\/types\/page"}],"author":[{"embeddable":true,"href":"https:\/\/langues-en-continu.uqam.ca\/en\/wp-json\/wp\/v2\/users\/3"}],"replies":[{"embeddable":true,"href":"https:\/\/langues-en-continu.uqam.ca\/en\/wp-json\/wp\/v2\/comments?post=390"}],"version-history":[{"count":18,"href":"https:\/\/langues-en-continu.uqam.ca\/en\/wp-json\/wp\/v2\/pages\/390\/revisions"}],"predecessor-version":[{"id":5992,"href":"https:\/\/langues-en-continu.uqam.ca\/en\/wp-json\/wp\/v2\/pages\/390\/revisions\/5992"}],"wp:attachment":[{"href":"https:\/\/langues-en-continu.uqam.ca\/en\/wp-json\/wp\/v2\/media?parent=390"}],"wp:term":[{"taxonomy":"category","embeddable":true,"href":"https:\/\/langues-en-continu.uqam.ca\/en\/wp-json\/wp\/v2\/categories?post=390"}],"curies":[{"name":"wp","href":"https:\/\/api.w.org\/{rel}","templated":true}]}}