{"id":383,"date":"2021-03-15T10:29:47","date_gmt":"2021-03-15T14:29:47","guid":{"rendered":"https:\/\/langues-en-continu.uqam.ca\/?page_id=383"},"modified":"2021-03-15T16:28:18","modified_gmt":"2021-03-15T20:28:18","slug":"about","status":"publish","type":"page","link":"https:\/\/langues-en-continu.uqam.ca\/en\/about\/","title":{"rendered":"About"},"content":{"rendered":"\n<h3 class=\"wp-block-heading\">Enrol in a training course<\/h3>\n\n\n\n<p>Non-Credit Language Courses offer a wide range of courses and programs to acquire or improve your language skills.<\/p>\n\n\n\n<p>You can choose from three types of training to meet your objectives or career expectations.<\/p>\n\n\n\n<h2 class=\"wp-block-heading\">Public training courses<\/h2>\n\n\n\n<p>Non-credit French, English and Spanish courses are designed primarily for upskilling.&nbsp;<\/p>\n\n\n\n<p>Public training courses focus on writing, speaking and pronunciation.&nbsp;<\/p>\n\n\n\n<h3 class=\"wp-block-heading\">Training courses for professionals<\/h3>\n\n\n\n<ul class=\"wp-block-list\"><li>Have fun while developing your&nbsp;skills&nbsp;<\/li><li>Access content adapted to your&nbsp;needs&nbsp;<\/li><li>Assess what you\u2019ve learned as you&nbsp;go&nbsp;&nbsp;<\/li><\/ul>\n\n\n\n<h3 class=\"wp-block-heading\">Overview of benefits<\/h3>\n\n\n\n<ul class=\"wp-block-list\"><li>Sessions of varying length, depending on the semester and course&nbsp;selected&nbsp;&nbsp;&nbsp;<\/li><li>Available on UQAM\u2019s main campus or online\/remotely&nbsp;<\/li><\/ul>\n\n\n\n<h2 class=\"wp-block-heading\">Customized training courses<\/h2>\n\n\n\n<p>Customized training courses are based on public training sessions and are intended for individuals and organizations.&nbsp;<\/p>\n\n\n\n<h3 class=\"wp-block-heading\">Overview of benefits<\/h3>\n\n\n\n<ul class=\"wp-block-list\"><li>Adaptable content&nbsp;<\/li><li>Flexible schedule in private, semi-private or small group formats&nbsp;&nbsp;&nbsp;<\/li><li>Available on UQAM\u2019s main campus, online\/remotely or at organizations<\/li><\/ul>\n\n\n\n<h2 class=\"wp-block-heading\">Language immersion<\/h2>\n\n\n\n<p>Language immersion in French or English are the best way to learn a language.&nbsp;&nbsp;<\/p>\n\n\n\n<p>These experiences are different from public and customized training courses in that they incorporate Montr\u00e9al\u2019s culture and attractions.&nbsp;<\/p>\n\n\n\n<h3 class=\"wp-block-heading\">Overview of benefits<\/h3>\n\n\n\n<ul class=\"wp-block-list\"><li>An exciting cultural discovery of Montr\u00e9al and surrounding regions&nbsp;<\/li><li>Rich and varied intercultural&nbsp;encounters&nbsp;&nbsp;&nbsp;<\/li><li>Possibility of group arrangements&nbsp;<\/li><li>Variable length with a minimum of three intensive weeks&nbsp;&nbsp;<\/li><li>Possibility of accommodations in university residences, where available&nbsp;<\/li><li>Offered on the main UQAM campus or online\/remotely&nbsp;&nbsp;<\/li><\/ul>\n\n\n\n<h3 class=\"wp-block-heading\">Our partners<\/h3>\n\n\n\n<p>Non-Credit Language Courses are recognized by the Commission des&nbsp;partenaires&nbsp;du&nbsp;march\u00e9&nbsp;du travail and are proud to partner with the following professional associations:&nbsp;<\/p>\n\n\n\n<ul class=\"wp-block-list\"><li>Association canadienne d\u2019\u00e9ducation des adultes des universit\u00e9s de langue fran\u00e7aise (ACDEAULF)&nbsp;&nbsp;<\/li><li>Society for Continued Education and Training (SOFEDUC)&nbsp;&nbsp;<\/li><li>Centre de la Francophonie des Am\u00e9riques&nbsp;<\/li><\/ul>\n\n\n\n<p>Follow the formula of other universities and take advantage of our expertise to experience the \u201creal\u201d Montr\u00e9al as part of a language immersion.&nbsp;&nbsp;<\/p>\n\n\n\n<ul class=\"wp-block-list\"><li>George Mason University, Fairfax, VA&nbsp;<\/li><li>Western Washington University, Bellingham, VA&nbsp;<\/li><li>CEGEP Rivi\u00e8re-du-Loup (College), QC&nbsp;<\/li><li>Western University, ON&nbsp;<\/li><li>\u00c9cole d\u2019immersion fran\u00e7aise de Trois-Pistoles, QC&nbsp;&nbsp;<\/li><\/ul>\n","protected":false},"excerpt":{"rendered":"<p>Enrol in a training course Non-Credit Language Courses offer a wide range of courses and programs to acquire or improve your language skills. You can choose from three types of training to meet your objectives or career expectations. Public training courses Non-credit French, English and Spanish courses are designed primarily for upskilling.&nbsp; Public training courses [&hellip;]<\/p>\n","protected":false},"author":3,"featured_media":0,"parent":0,"menu_order":0,"comment_status":"closed","ping_status":"closed","template":"","meta":{"_acf_changed":false,"footnotes":""},"categories":[],"class_list":["post-383","page","type-page","status-publish","hentry"],"acf":[],"yoast_head":"<!-- This site is optimized with the Yoast SEO plugin v27.5 - https:\/\/yoast.com\/product\/yoast-seo-wordpress\/ -->\n<title>About - Formations linguistiques non cr\u00e9dit\u00e9es - UQAM<\/title>\n<meta name=\"description\" content=\"Non-Credit Language Courses offer a wide range of courses and programs to acquire or improve your language skills.\" \/>\n<meta name=\"robots\" content=\"index, follow, max-snippet:-1, max-image-preview:large, max-video-preview:-1\" \/>\n<link rel=\"canonical\" href=\"https:\/\/langues-en-continu.uqam.ca\/en\/about\/\" \/>\n<meta property=\"og:locale\" content=\"en_US\" \/>\n<meta property=\"og:type\" content=\"article\" \/>\n<meta property=\"og:title\" content=\"About - Formations linguistiques non cr\u00e9dit\u00e9es - UQAM\" \/>\n<meta property=\"og:description\" content=\"Non-Credit Language Courses offer a wide range of courses and programs to acquire or improve your language skills.\" \/>\n<meta property=\"og:url\" content=\"https:\/\/langues-en-continu.uqam.ca\/en\/about\/\" \/>\n<meta property=\"og:site_name\" content=\"Formations linguistiques non cr\u00e9dit\u00e9es\" \/>\n<meta property=\"article:publisher\" content=\"https:\/\/www.facebook.com\/formationslinguistiquesnoncr\" \/>\n<meta property=\"article:modified_time\" content=\"2021-03-15T20:28:18+00:00\" \/>\n<meta name=\"twitter:card\" content=\"summary_large_image\" \/>\n<meta name=\"twitter:label1\" content=\"Est. reading time\" \/>\n\t<meta name=\"twitter:data1\" content=\"2 minutes\" \/>\n<script type=\"application\/ld+json\" class=\"yoast-schema-graph\">{\"@context\":\"https:\\\/\\\/schema.org\",\"@graph\":[{\"@type\":\"WebPage\",\"@id\":\"https:\\\/\\\/langues-en-continu.uqam.ca\\\/en\\\/about\\\/\",\"url\":\"https:\\\/\\\/langues-en-continu.uqam.ca\\\/en\\\/about\\\/\",\"name\":\"About - Formations linguistiques non cr\u00e9dit\u00e9es - UQAM\",\"isPartOf\":{\"@id\":\"https:\\\/\\\/langues-en-continu.uqam.ca\\\/#website\"},\"datePublished\":\"2021-03-15T14:29:47+00:00\",\"dateModified\":\"2021-03-15T20:28:18+00:00\",\"description\":\"Non-Credit Language Courses offer a wide range of courses and programs to acquire or improve your language skills.\",\"breadcrumb\":{\"@id\":\"https:\\\/\\\/langues-en-continu.uqam.ca\\\/en\\\/about\\\/#breadcrumb\"},\"inLanguage\":\"en-CA\",\"potentialAction\":[{\"@type\":\"ReadAction\",\"target\":[\"https:\\\/\\\/langues-en-continu.uqam.ca\\\/en\\\/about\\\/\"]}]},{\"@type\":\"BreadcrumbList\",\"@id\":\"https:\\\/\\\/langues-en-continu.uqam.ca\\\/en\\\/about\\\/#breadcrumb\",\"itemListElement\":[{\"@type\":\"ListItem\",\"position\":1,\"name\":\"UQAM\",\"item\":\"https:\\\/\\\/uqam.ca\"},{\"@type\":\"ListItem\",\"position\":2,\"name\":\"Formations linguistiques non cr\u00e9dit\u00e9es\",\"item\":\"https:\\\/\\\/langues-en-continu.uqam.ca\\\/en\\\/\"},{\"@type\":\"ListItem\",\"position\":3,\"name\":\"About\"}]},{\"@type\":\"WebSite\",\"@id\":\"https:\\\/\\\/langues-en-continu.uqam.ca\\\/#website\",\"url\":\"https:\\\/\\\/langues-en-continu.uqam.ca\\\/\",\"name\":\"Formations linguistiques non cr\u00e9dit\u00e9es\",\"description\":\"Formations linguistiques non cr\u00e9dit\u00e9es\",\"publisher\":{\"@id\":\"https:\\\/\\\/langues-en-continu.uqam.ca\\\/#organization\"},\"potentialAction\":[{\"@type\":\"SearchAction\",\"target\":{\"@type\":\"EntryPoint\",\"urlTemplate\":\"https:\\\/\\\/langues-en-continu.uqam.ca\\\/en\\\/\\\/recherche\\\/?q={search_term_string}\"},\"query-input\":{\"@type\":\"PropertyValueSpecification\",\"valueRequired\":true,\"valueName\":\"search_term_string\"}}],\"inLanguage\":\"en-CA\"},{\"@type\":\"Organization\",\"@id\":\"https:\\\/\\\/langues-en-continu.uqam.ca\\\/#organization\",\"name\":\"Langues en continu\",\"url\":\"https:\\\/\\\/langues-en-continu.uqam.ca\\\/\",\"logo\":{\"@type\":\"ImageObject\",\"inLanguage\":\"en-CA\",\"@id\":\"https:\\\/\\\/langues-en-continu.uqam.ca\\\/#\\\/schema\\\/logo\\\/image\\\/\",\"url\":\"https:\\\/\\\/gabarit-adaptatif.uqam.ca\\\/statique\\\/images\\\/logo-uqam.jpg\",\"contentUrl\":\"\",\"caption\":\"Langues en continu\"},\"image\":{\"@id\":\"https:\\\/\\\/langues-en-continu.uqam.ca\\\/#\\\/schema\\\/logo\\\/image\\\/\"},\"sameAs\":[\"https:\\\/\\\/www.facebook.com\\\/formationslinguistiquesnoncr\",\"https:\\\/\\\/www.instagram.com\\\/uqam_flnc\\\/?hl=fr\",\"https:\\\/\\\/www.linkedin.com\\\/company\\\/formations-linguistiques-non-cr\u00e9dit\u00e9es-uqam\\\/?viewAsMember=true\",\"https:\\\/\\\/www.youtube.com\\\/channel\\\/UCuOyS0Cg_x0w4RW4l29z4tw\"],\"parentOrganization\":{\"@type\":\"EducationalOrganization\",\"@id\":\"https:\\\/\\\/uqam.ca\\\/#organization\",\"name\":\"Universit\u00e9 du Qu\u00e9bec \u00e0 Montr\u00e9al\",\"url\":\"https:\\\/\\\/uqam.ca\",\"alternateName\":\"UQAM\",\"logo\":\"https:\\\/\\\/gabarit-adaptatif.uqam.ca\\\/statique\\\/images\\\/logo-uqam.jpg\"}}]}<\/script>\n<!-- \/ Yoast SEO plugin. -->","yoast_head_json":{"title":"About - Formations linguistiques non cr\u00e9dit\u00e9es - UQAM","description":"Non-Credit Language Courses offer a wide range of courses and programs to acquire or improve your language skills.","robots":{"index":"index","follow":"follow","max-snippet":"max-snippet:-1","max-image-preview":"max-image-preview:large","max-video-preview":"max-video-preview:-1"},"canonical":"https:\/\/langues-en-continu.uqam.ca\/en\/about\/","og_locale":"en_US","og_type":"article","og_title":"About - Formations linguistiques non cr\u00e9dit\u00e9es - UQAM","og_description":"Non-Credit Language Courses offer a wide range of courses and programs to acquire or improve your language skills.","og_url":"https:\/\/langues-en-continu.uqam.ca\/en\/about\/","og_site_name":"Formations linguistiques non cr\u00e9dit\u00e9es","article_publisher":"https:\/\/www.facebook.com\/formationslinguistiquesnoncr","article_modified_time":"2021-03-15T20:28:18+00:00","twitter_card":"summary_large_image","twitter_misc":{"Est. reading time":"2 minutes"},"schema":{"@context":"https:\/\/schema.org","@graph":[{"@type":"WebPage","@id":"https:\/\/langues-en-continu.uqam.ca\/en\/about\/","url":"https:\/\/langues-en-continu.uqam.ca\/en\/about\/","name":"About - Formations linguistiques non cr\u00e9dit\u00e9es - UQAM","isPartOf":{"@id":"https:\/\/langues-en-continu.uqam.ca\/#website"},"datePublished":"2021-03-15T14:29:47+00:00","dateModified":"2021-03-15T20:28:18+00:00","description":"Non-Credit Language Courses offer a wide range of courses and programs to acquire or improve your language skills.","breadcrumb":{"@id":"https:\/\/langues-en-continu.uqam.ca\/en\/about\/#breadcrumb"},"inLanguage":"en-CA","potentialAction":[{"@type":"ReadAction","target":["https:\/\/langues-en-continu.uqam.ca\/en\/about\/"]}]},{"@type":"BreadcrumbList","@id":"https:\/\/langues-en-continu.uqam.ca\/en\/about\/#breadcrumb","itemListElement":[{"@type":"ListItem","position":1,"name":"UQAM","item":"https:\/\/uqam.ca"},{"@type":"ListItem","position":2,"name":"Formations linguistiques non cr\u00e9dit\u00e9es","item":"https:\/\/langues-en-continu.uqam.ca\/en\/"},{"@type":"ListItem","position":3,"name":"About"}]},{"@type":"WebSite","@id":"https:\/\/langues-en-continu.uqam.ca\/#website","url":"https:\/\/langues-en-continu.uqam.ca\/","name":"Formations linguistiques non cr\u00e9dit\u00e9es","description":"Formations linguistiques non cr\u00e9dit\u00e9es","publisher":{"@id":"https:\/\/langues-en-continu.uqam.ca\/#organization"},"potentialAction":[{"@type":"SearchAction","target":{"@type":"EntryPoint","urlTemplate":"https:\/\/langues-en-continu.uqam.ca\/en\/\/recherche\/?q={search_term_string}"},"query-input":{"@type":"PropertyValueSpecification","valueRequired":true,"valueName":"search_term_string"}}],"inLanguage":"en-CA"},{"@type":"Organization","@id":"https:\/\/langues-en-continu.uqam.ca\/#organization","name":"Langues en continu","url":"https:\/\/langues-en-continu.uqam.ca\/","logo":{"@type":"ImageObject","inLanguage":"en-CA","@id":"https:\/\/langues-en-continu.uqam.ca\/#\/schema\/logo\/image\/","url":"https:\/\/gabarit-adaptatif.uqam.ca\/statique\/images\/logo-uqam.jpg","contentUrl":"","caption":"Langues en continu"},"image":{"@id":"https:\/\/langues-en-continu.uqam.ca\/#\/schema\/logo\/image\/"},"sameAs":["https:\/\/www.facebook.com\/formationslinguistiquesnoncr","https:\/\/www.instagram.com\/uqam_flnc\/?hl=fr","https:\/\/www.linkedin.com\/company\/formations-linguistiques-non-cr\u00e9dit\u00e9es-uqam\/?viewAsMember=true","https:\/\/www.youtube.com\/channel\/UCuOyS0Cg_x0w4RW4l29z4tw"],"parentOrganization":{"@type":"EducationalOrganization","@id":"https:\/\/uqam.ca\/#organization","name":"Universit\u00e9 du Qu\u00e9bec \u00e0 Montr\u00e9al","url":"https:\/\/uqam.ca","alternateName":"UQAM","logo":"https:\/\/gabarit-adaptatif.uqam.ca\/statique\/images\/logo-uqam.jpg"}}]}},"_links":{"self":[{"href":"https:\/\/langues-en-continu.uqam.ca\/en\/wp-json\/wp\/v2\/pages\/383","targetHints":{"allow":["GET"]}}],"collection":[{"href":"https:\/\/langues-en-continu.uqam.ca\/en\/wp-json\/wp\/v2\/pages"}],"about":[{"href":"https:\/\/langues-en-continu.uqam.ca\/en\/wp-json\/wp\/v2\/types\/page"}],"author":[{"embeddable":true,"href":"https:\/\/langues-en-continu.uqam.ca\/en\/wp-json\/wp\/v2\/users\/3"}],"replies":[{"embeddable":true,"href":"https:\/\/langues-en-continu.uqam.ca\/en\/wp-json\/wp\/v2\/comments?post=383"}],"version-history":[{"count":2,"href":"https:\/\/langues-en-continu.uqam.ca\/en\/wp-json\/wp\/v2\/pages\/383\/revisions"}],"predecessor-version":[{"id":389,"href":"https:\/\/langues-en-continu.uqam.ca\/en\/wp-json\/wp\/v2\/pages\/383\/revisions\/389"}],"wp:attachment":[{"href":"https:\/\/langues-en-continu.uqam.ca\/en\/wp-json\/wp\/v2\/media?parent=383"}],"wp:term":[{"taxonomy":"category","embeddable":true,"href":"https:\/\/langues-en-continu.uqam.ca\/en\/wp-json\/wp\/v2\/categories?post=383"}],"curies":[{"name":"wp","href":"https:\/\/api.w.org\/{rel}","templated":true}]}}